{"id":4192,"date":"2024-01-08T13:13:16","date_gmt":"2024-01-08T12:13:16","guid":{"rendered":"https:\/\/resortfondolacampagnola.it\/?page_id=4192"},"modified":"2026-02-23T17:44:23","modified_gmt":"2026-02-23T16:44:23","slug":"localisation","status":"publish","type":"page","link":"https:\/\/resortfondolacampagnola.it\/fr\/localisation\/","title":{"rendered":"Localisation"},"content":{"rendered":"<section class=\"l-section wpb_row ramo-grande-sx height_small\"><div class=\"l-section-h i-cf\"><div class=\"g-cols vc_row via_flex valign_top type_default stacking_default\"><div class=\"vc_col-sm-12 wpb_column vc_column_container\"><div class=\"vc_column-inner\"><div class=\"wpb_wrapper\"><div class=\"w-image i400 align_center\"><div class=\"w-image-h\"><img decoding=\"async\" src=\"https:\/\/resortfondolacampagnola.it\/wp-content\/uploads\/2025\/01\/divisore-verde-1.svg\" class=\"attachment-full size-full\" alt=\"\" loading=\"lazy\" \/><\/div><\/div><div class=\"wpb_text_column riga-h1\"><div class=\"wpb_wrapper\"><h1 style=\"text-align: center;\">Localisation<\/h1>\n<h2 style=\"text-align: center;\">Tr\u00e8s proche du centre du village pittoresque de Gargnano et \u00e0 250 m\u00e8tres de la plage<\/h2>\n<\/div><\/div><div class=\"w-separator size_small\"><\/div><div class=\"w-content-carousel items_1 us_custom_a8ad455f\"><div class=\"owl-carousel valign_stretch dotstyle_smudge navstyle_circle arrows-ver-pos_middle arrows-hor-pos_on_sides_outside arrows-disabled_hide owl-responsive-2000 with_dots with_arrows\" style=\"--items-gap:30px;--transition-duration:1000ms;--arrows-size:1.5rem;--arrows-gap:10px;\" onclick=\"return {&quot;aria_labels&quot;:{&quot;prev&quot;:&quot;Pr\\u00e9c\\u00e9dent&quot;,&quot;next&quot;:&quot;Suivant&quot;},&quot;autoplayContinual&quot;:false,&quot;autoplayHoverPause&quot;:false,&quot;autoplayTimeout&quot;:3000,&quot;autoWidth&quot;:false,&quot;smartSpeed&quot;:1000,&quot;margin&quot;:30,&quot;mouseDrag&quot;:true,&quot;rtl&quot;:false,&quot;slideBy&quot;:&quot;1&quot;,&quot;touchDrag&quot;:true,&quot;slideTransition&quot;:&quot;&quot;,&quot;responsive&quot;:{&quot;0&quot;:{&quot;autoHeight&quot;:false,&quot;autoplay&quot;:false,&quot;autoWidth&quot;:false,&quot;center&quot;:false,&quot;dots&quot;:true,&quot;items&quot;:1,&quot;loop&quot;:true,&quot;nav&quot;:false,&quot;stagePadding&quot;:0,&quot;slideBy&quot;:&quot;1&quot;},&quot;601&quot;:{&quot;autoHeight&quot;:false,&quot;autoplay&quot;:false,&quot;autoWidth&quot;:false,&quot;center&quot;:false,&quot;dots&quot;:true,&quot;items&quot;:1,&quot;loop&quot;:false,&quot;nav&quot;:true,&quot;stagePadding&quot;:0}}}\"><div class=\"w-hwrapper us_custom_c70c97eb valign_middle stack_on_mobiles align_none\"><div class=\"w-image align_none\"><div class=\"w-image-h\"><img decoding=\"async\" width=\"1024\" height=\"681\" src=\"https:\/\/resortfondolacampagnola.it\/wp-content\/uploads\/2025\/01\/DSC_0779-1024x681-1.jpg\" class=\"attachment-full size-full\" alt=\"\" loading=\"lazy\" \/><\/div><\/div><div class=\"wpb_text_column us_custom_7aaefc46\"><div class=\"wpb_wrapper\"><h2>La plage Fontanella<\/h2>\n<p><strong>\u00c0 250 m du Resort<\/strong><\/p>\n<p>\u00c0 quelques pas du Resort se trouve la plage publique Parco Fontanella, \u00e9quip\u00e9e d&rsquo;un terrain de beach-volley et desservie par un bar et un restaurant-pizzeria.<\/p>\n<\/div><\/div><\/div><div class=\"w-hwrapper us_custom_c70c97eb valign_middle stack_on_mobiles align_none\"><div class=\"w-image align_none\"><div class=\"w-image-h\"><img decoding=\"async\" width=\"1000\" height=\"650\" src=\"https:\/\/resortfondolacampagnola.it\/wp-content\/uploads\/2017\/09\/spiaggia-di-gargnano-1.jpg\" class=\"attachment-full size-full\" alt=\"\" loading=\"lazy\" srcset=\"https:\/\/resortfondolacampagnola.it\/wp-content\/uploads\/2017\/09\/spiaggia-di-gargnano-1.jpg 1000w, https:\/\/resortfondolacampagnola.it\/wp-content\/uploads\/2017\/09\/spiaggia-di-gargnano-1-300x195.jpg 300w, https:\/\/resortfondolacampagnola.it\/wp-content\/uploads\/2017\/09\/spiaggia-di-gargnano-1-768x499.jpg 768w\" sizes=\"auto, (max-width: 1000px) 100vw, 1000px\" \/><\/div><\/div><div class=\"wpb_text_column us_custom_7aaefc46\"><div class=\"wpb_wrapper\"><h2>La plage Castello<\/h2>\n<p><strong>\u00c0 450 m du Resort<\/strong><\/p>\n<p>\u00c0 quelques pas du Resort se trouve la plage publique Castello.<\/p>\n<\/div><\/div><\/div><div class=\"w-hwrapper us_custom_c70c97eb valign_middle stack_on_mobiles align_none\"><div class=\"w-image align_none\"><div class=\"w-image-h\"><img decoding=\"async\" width=\"1000\" height=\"650\" src=\"https:\/\/resortfondolacampagnola.it\/wp-content\/uploads\/2017\/09\/gargnano-1.jpg\" class=\"attachment-full size-full\" alt=\"\" loading=\"lazy\" srcset=\"https:\/\/resortfondolacampagnola.it\/wp-content\/uploads\/2017\/09\/gargnano-1.jpg 1000w, https:\/\/resortfondolacampagnola.it\/wp-content\/uploads\/2017\/09\/gargnano-1-300x195.jpg 300w, https:\/\/resortfondolacampagnola.it\/wp-content\/uploads\/2017\/09\/gargnano-1-768x499.jpg 768w\" sizes=\"auto, (max-width: 1000px) 100vw, 1000px\" \/><\/div><\/div><div class=\"wpb_text_column us_custom_7aaefc46\"><div class=\"wpb_wrapper\"><h2>Le centre de Gargnano<\/h2>\n<p><strong>\u00c0 500 m du Resort<\/strong><\/p>\n<p>Le vieux village de Gargnano, avec son petit port, ses boutiques caract\u00e9ristiques, ses caf\u00e9s et ses restaurants typiques, se trouve \u00e0 5 minutes de marche.<\/p>\n<\/div><\/div><\/div><div class=\"w-hwrapper us_custom_c70c97eb valign_middle stack_on_mobiles align_none\"><div class=\"w-image align_none\"><div class=\"w-image-h\"><img decoding=\"async\" width=\"1000\" height=\"650\" src=\"https:\/\/resortfondolacampagnola.it\/wp-content\/uploads\/2017\/09\/porto-di-gargnano.jpg\" class=\"attachment-full size-full\" alt=\"\" loading=\"lazy\" srcset=\"https:\/\/resortfondolacampagnola.it\/wp-content\/uploads\/2017\/09\/porto-di-gargnano.jpg 1000w, https:\/\/resortfondolacampagnola.it\/wp-content\/uploads\/2017\/09\/porto-di-gargnano-300x195.jpg 300w, https:\/\/resortfondolacampagnola.it\/wp-content\/uploads\/2017\/09\/porto-di-gargnano-768x499.jpg 768w\" sizes=\"auto, (max-width: 1000px) 100vw, 1000px\" \/><\/div><\/div><div class=\"wpb_text_column us_custom_7aaefc46\"><div class=\"wpb_wrapper\"><h2>Le port<\/h2>\n<p><strong>\u00c0 500 m du Resort<\/strong><\/p>\n<p>Point d&rsquo;arriv\u00e9e et de d\u00e9part du service de navigation du lac de Garde.<\/p>\n<p><em>Demandez au Resort la carte de promotion pour b\u00e9n\u00e9ficier de r\u00e9ductions sur les excursions en bateau.<\/em><\/p>\n<\/div><\/div><\/div><div class=\"w-hwrapper us_custom_c70c97eb valign_middle stack_on_mobiles align_none\"><div class=\"w-image align_none\"><div class=\"w-image-h\"><img decoding=\"async\" width=\"1000\" height=\"650\" src=\"https:\/\/resortfondolacampagnola.it\/wp-content\/uploads\/2017\/09\/palazzo-feltrinelli.jpg\" class=\"attachment-full size-full\" alt=\"\" loading=\"lazy\" srcset=\"https:\/\/resortfondolacampagnola.it\/wp-content\/uploads\/2017\/09\/palazzo-feltrinelli.jpg 1000w, https:\/\/resortfondolacampagnola.it\/wp-content\/uploads\/2017\/09\/palazzo-feltrinelli-300x195.jpg 300w, https:\/\/resortfondolacampagnola.it\/wp-content\/uploads\/2017\/09\/palazzo-feltrinelli-768x499.jpg 768w\" sizes=\"auto, (max-width: 1000px) 100vw, 1000px\" \/><\/div><\/div><div class=\"wpb_text_column us_custom_7aaefc46\"><div class=\"wpb_wrapper\"><h2>Villa Feltrinelli<\/h2>\n<p><strong>\u00c0 650 m du Resort<\/strong><\/p>\n<p>Construit dans les ann\u00e9es 1898-1899 et appartenant \u00e0 la famille Feltrinelli, \u00e0 l&rsquo;\u00e9poque de la R\u00e9publique sociale italienne, il a \u00e9t\u00e9 la r\u00e9sidence de Benito Mussolini pendant la R\u00e9publique de Sal\u00f2.<\/p>\n<\/div><\/div><\/div><div class=\"w-hwrapper us_custom_c70c97eb valign_middle stack_on_mobiles align_none\"><div class=\"w-image align_none\"><div class=\"w-image-h\"><img decoding=\"async\" width=\"1000\" height=\"650\" src=\"https:\/\/resortfondolacampagnola.it\/wp-content\/uploads\/2017\/09\/palazzo-bettoni.jpg\" class=\"attachment-full size-full\" alt=\"\" loading=\"lazy\" srcset=\"https:\/\/resortfondolacampagnola.it\/wp-content\/uploads\/2017\/09\/palazzo-bettoni.jpg 1000w, https:\/\/resortfondolacampagnola.it\/wp-content\/uploads\/2017\/09\/palazzo-bettoni-300x195.jpg 300w, https:\/\/resortfondolacampagnola.it\/wp-content\/uploads\/2017\/09\/palazzo-bettoni-768x499.jpg 768w\" sizes=\"auto, (max-width: 1000px) 100vw, 1000px\" \/><\/div><\/div><div class=\"wpb_text_column us_custom_7aaefc46\"><div class=\"wpb_wrapper\"><h2>Palais Bettoni<\/h2>\n<p><strong>\u00c0 Bogliaco, \u00e0 2 km du Resort<\/strong><\/p>\n<p>Magnifique villa du XVIIIe si\u00e8cle surplombant le lac et dot\u00e9e d&rsquo;un jardin italien caract\u00e9ristique, propri\u00e9t\u00e9 des comtes Bettoni-Cazzago.<\/p>\n<\/div><\/div><\/div><div class=\"w-hwrapper us_custom_c70c97eb valign_middle stack_on_mobiles align_none\"><div class=\"w-image align_none\"><div class=\"w-image-h\"><img decoding=\"async\" width=\"1000\" height=\"650\" src=\"https:\/\/resortfondolacampagnola.it\/wp-content\/uploads\/2017\/09\/bogliaco-golf.jpg\" class=\"attachment-full size-full\" alt=\"\" loading=\"lazy\" srcset=\"https:\/\/resortfondolacampagnola.it\/wp-content\/uploads\/2017\/09\/bogliaco-golf.jpg 1000w, https:\/\/resortfondolacampagnola.it\/wp-content\/uploads\/2017\/09\/bogliaco-golf-300x195.jpg 300w, https:\/\/resortfondolacampagnola.it\/wp-content\/uploads\/2017\/09\/bogliaco-golf-768x499.jpg 768w\" sizes=\"auto, (max-width: 1000px) 100vw, 1000px\" \/><\/div><\/div><div class=\"wpb_text_column us_custom_7aaefc46\"><div class=\"wpb_wrapper\"><h2>Golf Bogliaco<\/h2>\n<p><strong>\u00c0 2 km du Resort, dans le hameau de Bogliaco<\/strong><\/p>\n<p>Un parcours historique de 18 trous de style anglais fond\u00e9 en 1912.<\/p>\n<\/div><\/div><\/div><div class=\"w-hwrapper us_custom_c70c97eb valign_middle stack_on_mobiles align_none\"><div class=\"w-image align_none\"><div class=\"w-image-h\"><img decoding=\"async\" width=\"1000\" height=\"650\" src=\"https:\/\/resortfondolacampagnola.it\/wp-content\/uploads\/2017\/09\/vittoriale-degli-italiani.jpg\" class=\"attachment-full size-full\" alt=\"\" loading=\"lazy\" srcset=\"https:\/\/resortfondolacampagnola.it\/wp-content\/uploads\/2017\/09\/vittoriale-degli-italiani.jpg 1000w, https:\/\/resortfondolacampagnola.it\/wp-content\/uploads\/2017\/09\/vittoriale-degli-italiani-300x195.jpg 300w, https:\/\/resortfondolacampagnola.it\/wp-content\/uploads\/2017\/09\/vittoriale-degli-italiani-768x499.jpg 768w\" sizes=\"auto, (max-width: 1000px) 100vw, 1000px\" \/><\/div><\/div><div class=\"wpb_text_column us_custom_7aaefc46\"><div class=\"wpb_wrapper\"><h2>Vittoriale degli Italiani<\/h2>\n<p><strong>\u00c0 12 km du Resort<\/strong><\/p>\n<p>La Vittoriale degli Italiani est un ensemble de b\u00e2timents, de rues, de places, d&rsquo;un th\u00e9\u00e2tre en plein air, de jardins et de cours d&rsquo;eau construit entre 1921 et 1938 \u00e0 Gardone Riviera.<\/p>\n<\/div><\/div><\/div><\/div><\/div><\/div><\/div><\/div><\/div><\/div><\/section><section class=\"l-section wpb_row foglie height_small\"><div class=\"l-section-h i-cf\"><div class=\"g-cols vc_row via_flex valign_middle type_boxes stacking_default\"><div class=\"vc_col-sm-12 wpb_column vc_column_container slider-largo\"><div class=\"vc_column-inner\"><div class=\"wpb_wrapper\"><div class=\"g-cols wpb_row via_flex valign_top type_default stacking_default\"><div class=\"vc_col-sm-6 wpb_column vc_column_container\"><div class=\"vc_column-inner\"><div class=\"wpb_wrapper\"><div class=\"wpb_text_column\"><div class=\"wpb_wrapper\"><h2>Distanze da luoghi d&rsquo;interesse<\/h2>\n<ul>\n<li>Plage (\u00e0 250 m)<\/li>\n<li>Location de v\u00e9los (\u00e0 250 m)<\/li>\n<li>\u00c9cole et location de planche \u00e0 voile (\u00e0 250 m)<\/li>\n<li>Palazzo Feltrinelli (\u00e0 350 m)<\/li>\n<li>Centre de Gargnano (\u00e0 500 m)<\/li>\n<li>Clo\u00eetre roman de San Francesco (\u00e0 500 m)<\/li>\n<li>Port\/embarcad\u00e8re (\u00e0 500 m)<\/li>\n<li>Ancien jardin de citronniers (\u00e0 500 m)<\/li>\n<li>Palazzo Bettoni (\u00e0 2 km)<\/li>\n<li>Terrain de golf (\u00e0 2 km)<\/li>\n<li>Terrain de tennis (\u00e0 2 km)<\/li>\n<li>Club de voile \u00ab\u00a0Circolo Vela Bogliaco\u00a0\u00bb (\u00e0 2 km)<\/li>\n<li>\u00c9quitation (\u00e0 3 km)<\/li>\n<li>Vittoriale degli Italiani (\u00e0 12 km)<\/li>\n<\/ul>\n<\/div><\/div><\/div><\/div><\/div><div class=\"vc_col-sm-6 wpb_column vc_column_container\"><div class=\"vc_column-inner\"><div class=\"wpb_wrapper\"><div class=\"w-map provider_google us_custom_b3be410f\" id=\"us_map_1\"><div class=\"w-map-inner\"><div class=\"w-map-json\" onclick='return {&quot;address&quot;:&quot;45.69131019675083, 10.665118450182797&quot;,&quot;disableDragging&quot;:1,&quot;disableZoom&quot;:1,&quot;hideControls&quot;:0,&quot;zoom&quot;:19,&quot;markers&quot;:[{&quot;address&quot;:&quot;45.69131019675083, 10.665118450182797&quot;,&quot;html&quot;:&quot;&lt;h3&gt;Resort Fondo la Campagnola&lt;\\\/h3&gt;&lt;p&gt;Via Crocefisso, 1, 25084 Gargnano BS&lt;\\\/p&gt;&quot;,&quot;infowindow&quot;:&quot;1&quot;}],&quot;maptype&quot;:&quot;ROADMAP&quot;}'><\/div><div class=\"w-map-style-json\" onclick='return [\n    {\n        \"featureType\": \"administrative\",\n        \"elementType\": \"all\",\n        \"stylers\": [\n            {\n                \"visibility\": \"on\"\n            },\n            {\n                \"lightness\": 33\n            }\n        ]\n    },\n    {\n        \"featureType\": \"landscape\",\n        \"elementType\": \"all\",\n        \"stylers\": [\n            {\n                \"color\": \"#f2e5d4\"\n            }\n        ]\n    },\n    {\n        \"featureType\": \"poi.park\",\n        \"elementType\": \"geometry\",\n        \"stylers\": [\n            {\n                \"color\": \"#c5dac6\"\n            }\n        ]\n    },\n    {\n        \"featureType\": \"poi.park\",\n        \"elementType\": \"labels\",\n        \"stylers\": [\n            {\n                \"visibility\": \"on\"\n            },\n            {\n                \"lightness\": 20\n            }\n        ]\n    },\n    {\n        \"featureType\": \"road\",\n        \"elementType\": \"all\",\n        \"stylers\": [\n            {\n                \"lightness\": 20\n            }\n        ]\n    },\n    {\n        \"featureType\": \"road.highway\",\n        \"elementType\": \"geometry\",\n        \"stylers\": [\n            {\n                \"color\": \"#c5c6c6\"\n            }\n        ]\n    },\n    {\n        \"featureType\": \"road.arterial\",\n        \"elementType\": \"geometry\",\n        \"stylers\": [\n            {\n                \"color\": \"#e4d7c6\"\n            }\n        ]\n    },\n    {\n        \"featureType\": \"road.local\",\n        \"elementType\": \"geometry\",\n        \"stylers\": [\n            {\n                \"color\": \"#fbfaf7\"\n            }\n        ]\n    },\n    {\n        \"featureType\": \"water\",\n        \"elementType\": \"all\",\n        \"stylers\": [\n            {\n                \"visibility\": \"on\"\n            },\n            {\n                \"color\": \"#acbcc9\"\n            }\n        ]\n    }\n]'><\/div><\/div><\/div><\/div><\/div><\/div><\/div><\/div><\/div><\/div><\/div><\/div><\/section><section class=\"l-section wpb_row us_custom_276f98fe height_auto\"><div class=\"l-section-h i-cf\"><div class=\"g-cols vc_row via_flex valign_middle type_boxes stacking_default\"><div class=\"vc_col-sm-12 wpb_column vc_column_container slider-largo\"><div class=\"vc_column-inner\"><div class=\"wpb_wrapper\"><div class=\"g-cols wpb_row us_custom_e5387f9f via_flex valign_top type_default stacking_default\"><div class=\"vc_col-sm-3 wpb_column vc_column_container\"><div class=\"vc_column-inner\"><div class=\"wpb_wrapper\"><div class=\"w-image i200 align_center\"><div class=\"w-image-h\"><img decoding=\"async\" width=\"300\" height=\"300\" src=\"https:\/\/resortfondolacampagnola.it\/wp-content\/uploads\/2017\/09\/logo-garda.svg\" class=\"attachment-medium size-medium\" alt=\"\" loading=\"lazy\" \/><\/div><\/div><\/div><\/div><\/div><div class=\"vc_col-sm-9 wpb_column vc_column_container\"><div class=\"vc_column-inner\"><div class=\"wpb_wrapper\"><div class=\"wpb_text_column giustifica\"><div class=\"wpb_wrapper\"><h2>Garda Promotion Card<\/h2>\n<p>La Garda Promotions Card est une carte gratuite de 3 jours <strong>que vous pouvez demander \u00e0 la r\u00e9ception de l&rsquo;h\u00f4tel Villa Europa.<\/strong> Cette carte vous permet de b\u00e9n\u00e9ficier d&rsquo;une s\u00e9rie de services \u00e0 tarif r\u00e9duit et de r\u00e9ductions sp\u00e9ciales sur les billets d&rsquo;entr\u00e9e de nombreuses attractions touristiques autour du lac de Garde.<\/p>\n<\/div><\/div><\/div><\/div><\/div><\/div><\/div><\/div><\/div><\/div><\/div><\/section><section class=\"l-section wpb_row prefooter height_medium\"><div class=\"l-section-h i-cf\"><div class=\"g-cols vc_row via_flex valign_top type_boxes stacking_default\" style=\"--additional-gap:10px;\"><div class=\"vc_col-sm-12 wpb_column vc_column_container\"><div class=\"vc_column-inner\"><div class=\"wpb_wrapper\"><div class=\"w-separator hide_on_default hide_on_laptops hide_on_tablets size_medium\"><\/div><div class=\"w-content-carousel items_4\"><div class=\"owl-carousel valign_bottom dotstyle_smudge navstyle_circle arrows-ver-pos_middle arrows-hor-pos_on_sides_outside arrows-disabled_hide owl-responsive-2000 with_dots\" style=\"--items-gap:30px;--transition-duration:850ms;\" onclick=\"return {&quot;aria_labels&quot;:{&quot;prev&quot;:&quot;Pr\\u00e9c\\u00e9dent&quot;,&quot;next&quot;:&quot;Suivant&quot;},&quot;autoplayContinual&quot;:false,&quot;autoplayHoverPause&quot;:false,&quot;autoplayTimeout&quot;:3000,&quot;autoWidth&quot;:false,&quot;smartSpeed&quot;:850,&quot;margin&quot;:30,&quot;mouseDrag&quot;:true,&quot;rtl&quot;:false,&quot;slideBy&quot;:&quot;1&quot;,&quot;touchDrag&quot;:true,&quot;slideTransition&quot;:&quot;&quot;,&quot;responsive&quot;:{&quot;0&quot;:{&quot;autoHeight&quot;:false,&quot;autoplay&quot;:false,&quot;autoWidth&quot;:false,&quot;center&quot;:false,&quot;dots&quot;:true,&quot;items&quot;:1,&quot;loop&quot;:false,&quot;nav&quot;:false,&quot;stagePadding&quot;:0,&quot;slideBy&quot;:&quot;1&quot;},&quot;601&quot;:{&quot;autoHeight&quot;:false,&quot;autoplay&quot;:false,&quot;autoWidth&quot;:false,&quot;center&quot;:false,&quot;dots&quot;:true,&quot;items&quot;:4,&quot;loop&quot;:false,&quot;nav&quot;:false,&quot;stagePadding&quot;:0}}}\"><div class=\"w-ibanner animation_phorcys ratio_1x1 easing_ease\"><a href=\"https:\/\/resortfondolacampagnola.it\/fr\/piscine-avec-vue-sur-le-lac\/\" aria-label=\"PISCINE\"><\/a><div class=\"w-ibanner-h\"><div class=\"w-ibanner-image\" style=\"background-image: url(https:\/\/resortfondolacampagnola.it\/wp-content\/uploads\/2024\/01\/1N3A1501-1024x683.jpg)\"><\/div><div class=\"w-ibanner-content\"><div class=\"w-ibanner-content-h\"><h2 class=\"w-ibanner-title\">PISCINE<\/h2><div class=\"w-ibanner-desc\"><\/div><\/div><\/div><\/div><\/div><div class=\"w-ibanner animation_phorcys ratio_1x1 easing_ease\"><a href=\"https:\/\/resortfondolacampagnola.it\/fr\/gli-appartamenti\/\" aria-label=\"R\u00c9SIDENCES\"><\/a><div class=\"w-ibanner-h\"><div class=\"w-ibanner-image\" style=\"background-image: url(https:\/\/resortfondolacampagnola.it\/wp-content\/uploads\/2024\/03\/piccola2-1024x507.jpg)\"><\/div><div class=\"w-ibanner-content\"><div class=\"w-ibanner-content-h\"><h2 class=\"w-ibanner-title\">R\u00c9SIDENCES<\/h2><div class=\"w-ibanner-desc\"><\/div><\/div><\/div><\/div><\/div><div class=\"w-ibanner animation_phorcys ratio_1x1 easing_ease\"><a href=\"https:\/\/resortfondolacampagnola.it\/fr\/la-colazione\/\" aria-label=\"PETIT-D\u00c9JEUNER\"><\/a><div class=\"w-ibanner-h\"><div class=\"w-ibanner-image\" style=\"background-image: url(https:\/\/resortfondolacampagnola.it\/wp-content\/uploads\/2024\/03\/hve-5809-1-1024x818.jpg)\"><\/div><div class=\"w-ibanner-content\"><div class=\"w-ibanner-content-h\"><h2 class=\"w-ibanner-title\">PETIT-D\u00c9JEUNER<\/h2><div class=\"w-ibanner-desc\"><\/div><\/div><\/div><\/div><\/div><div class=\"w-ibanner animation_phorcys ratio_1x1 easing_ease\"><a href=\"https:\/\/resortfondolacampagnola.it\/fr\/escursioni\/\" aria-label=\"EXCURSIONS\"><\/a><div class=\"w-ibanner-h\"><div class=\"w-ibanner-image\" style=\"background-image: url(https:\/\/resortfondolacampagnola.it\/wp-content\/uploads\/2024\/03\/foto-escursione-1024x771.jpg)\"><\/div><div class=\"w-ibanner-content\"><div class=\"w-ibanner-content-h\"><h2 class=\"w-ibanner-title\">EXCURSIONS<\/h2><div class=\"w-ibanner-desc\"><\/div><\/div><\/div><\/div><\/div><\/div><\/div><\/div><\/div><\/div><\/div><\/div><\/section><section class=\"l-section wpb_row hide_on_mobiles height_small\"><div class=\"l-section-h i-cf\"><div class=\"g-cols vc_row via_flex valign_top type_boxes stacking_default\" style=\"--additional-gap:10px;\"><div class=\"vc_col-sm-12 wpb_column vc_column_container\"><div class=\"vc_column-inner\"><div class=\"wpb_wrapper\"><div class=\"w-hwrapper valign_middle align_center\"><div class=\"w-image us_custom_10625000 align_right\"><a href=\"https:\/\/resortfondolacampagnola.it\/fr\/cheques-cadeaux\/\" aria-label=\"Group-12\" class=\"w-image-h\"><img decoding=\"async\" width=\"380\" height=\"380\" src=\"https:\/\/resortfondolacampagnola.it\/wp-content\/uploads\/2025\/05\/Group-12.png\" class=\"attachment-large size-large\" alt=\"\" loading=\"lazy\" srcset=\"https:\/\/resortfondolacampagnola.it\/wp-content\/uploads\/2025\/05\/Group-12.png 380w, https:\/\/resortfondolacampagnola.it\/wp-content\/uploads\/2025\/05\/Group-12-300x300.png 300w, https:\/\/resortfondolacampagnola.it\/wp-content\/uploads\/2025\/05\/Group-12-150x150.png 150w, https:\/\/resortfondolacampagnola.it\/wp-content\/uploads\/2025\/05\/Group-12-350x350.png 350w\" sizes=\"auto, (max-width: 380px) 100vw, 380px\" \/><\/a><\/div><h2 class=\"w-text us_custom_47680785\"><span class=\"w-text-h\"><span class=\"w-text-value\">DEMANDEZ VOTRE BON CADEAU<\/span><\/span><\/h2><\/div><\/div><\/div><\/div><\/div><\/div><\/section><section class=\"l-section wpb_row hide_on_default hide_on_laptops hide_on_tablets height_auto\"><div class=\"l-section-h i-cf\"><div class=\"g-cols vc_row via_flex valign_top type_boxes stacking_default\" style=\"--additional-gap:10px;\"><div class=\"vc_col-sm-12 wpb_column vc_column_container\"><div class=\"vc_column-inner\"><div class=\"wpb_wrapper\"><div class=\"w-separator size_small\"><\/div><div class=\"w-image align_center\"><a href=\"https:\/\/resortfondolacampagnola.it\/fr\/cheques-cadeaux\/\" aria-label=\"Group-12piccolo\" class=\"w-image-h\"><img decoding=\"async\" width=\"150\" height=\"150\" src=\"https:\/\/resortfondolacampagnola.it\/wp-content\/uploads\/2026\/01\/Group-12piccolo.png\" class=\"attachment-large size-large\" alt=\"\" loading=\"lazy\" \/><\/a><\/div><div class=\"w-separator size_small\"><\/div><div class=\"w-btn-wrapper align_center\"><a class=\"w-btn us-btn-style_1\" href=\"https:\/\/resortfondolacampagnola.it\/fr\/cheques-cadeaux\/\"><span class=\"w-btn-label\">DEMANDEZ VOTRE BON CADEAU<\/span><\/a><\/div><div class=\"w-separator size_huge\"><\/div><\/div><\/div><\/div><\/div><\/div><\/section>\n","protected":false},"excerpt":{"rendered":"Localisation Tr\u00e8s proche du centre du village pittoresque de Gargnano et \u00e0 250 m\u00e8tres de la plage La plage Fontanella \u00c0 250 m du Resort \u00c0 quelques pas du Resort se trouve la plage publique Parco Fontanella, \u00e9quip\u00e9e d&rsquo;un terrain de beach-volley et desservie par un bar et un restaurant-pizzeria. La plage Castello \u00c0 450...","protected":false},"author":3,"featured_media":0,"parent":0,"menu_order":0,"comment_status":"closed","ping_status":"closed","template":"","meta":{"inline_featured_image":false,"footnotes":""},"class_list":["post-4192","page","type-page","status-publish","hentry"],"_links":{"self":[{"href":"https:\/\/resortfondolacampagnola.it\/fr\/wp-json\/wp\/v2\/pages\/4192","targetHints":{"allow":["GET"]}}],"collection":[{"href":"https:\/\/resortfondolacampagnola.it\/fr\/wp-json\/wp\/v2\/pages"}],"about":[{"href":"https:\/\/resortfondolacampagnola.it\/fr\/wp-json\/wp\/v2\/types\/page"}],"author":[{"embeddable":true,"href":"https:\/\/resortfondolacampagnola.it\/fr\/wp-json\/wp\/v2\/users\/3"}],"replies":[{"embeddable":true,"href":"https:\/\/resortfondolacampagnola.it\/fr\/wp-json\/wp\/v2\/comments?post=4192"}],"version-history":[{"count":15,"href":"https:\/\/resortfondolacampagnola.it\/fr\/wp-json\/wp\/v2\/pages\/4192\/revisions"}],"predecessor-version":[{"id":8774,"href":"https:\/\/resortfondolacampagnola.it\/fr\/wp-json\/wp\/v2\/pages\/4192\/revisions\/8774"}],"wp:attachment":[{"href":"https:\/\/resortfondolacampagnola.it\/fr\/wp-json\/wp\/v2\/media?parent=4192"}],"curies":[{"name":"wp","href":"https:\/\/api.w.org\/{rel}","templated":true}]}}