{"id":4075,"date":"2024-01-05T12:28:23","date_gmt":"2024-01-05T11:28:23","guid":{"rendered":"https:\/\/resortfondolacampagnola.it\/?page_id=4075"},"modified":"2026-02-23T15:59:41","modified_gmt":"2026-02-23T14:59:41","slug":"piscine-avec-vue-sur-le-lac","status":"publish","type":"page","link":"https:\/\/resortfondolacampagnola.it\/fr\/resort\/piscine-avec-vue-sur-le-lac\/","title":{"rendered":"Piscine avec vue sur le lac"},"content":{"rendered":"<section class=\"l-section wpb_row height_auto width_full\"><div class=\"l-section-h i-cf\"><div class=\"g-cols vc_row via_flex valign_top type_default stacking_default\"><div class=\"vc_col-sm-12 wpb_column vc_column_container\"><div class=\"vc_column-inner\"><div class=\"wpb_wrapper\">[rev_slider_vc alias=\u00a0\u00bbpiscina\u00a0\u00bb]<\/div><\/div><\/div><\/div><\/div><\/section><!-- Row Backgrounds --><div class=\"upb_color\" data-bg-override=\"0\" data-bg-color=\"#ffffff\" data-fadeout=\"\" data-fadeout-percentage=\"30\" data-parallax-content=\"\" data-parallax-content-sense=\"30\" data-row-effect-mobile-disable=\"true\" data-img-parallax-mobile-disable=\"true\" data-rtl=\"false\"  data-custom-vc-row=\"\"  data-vc=\"8.7.2\"  data-is_old_vc=\"\"  data-theme-support=\"\"   data-overlay=\"false\" data-overlay-color=\"\" data-overlay-pattern=\"\" data-overlay-pattern-opacity=\"\" data-overlay-pattern-size=\"\"    data-seperator=\"true\"  data-seperator-type=\"tilt_left_seperator\"  data-seperator-shape-size=\"40\"  data-seperator-svg-height=\"90\"  data-seperator-full-width=\"true\" data-seperator-position=\"bottom_seperator\"  data-seperator-background-color=\"#ffffff\"  data-icon=\"\"  ><\/div><section class=\"l-section wpb_row ramo-basso-sx hide_on_mobiles height_medium\"><div class=\"l-section-h i-cf\"><div class=\"g-cols vc_row via_flex valign_top type_default stacking_default\"><div class=\"vc_col-sm-6 wpb_column vc_column_container\"><div class=\"vc_column-inner\"><div class=\"wpb_wrapper\"><div class=\"wpb_text_column\"><div class=\"wpb_wrapper\"><h1>La piscine avec vue sur le lac<\/h1>\n<\/div><\/div><div class=\"wpb_text_column\"><div class=\"wpb_wrapper\"><h2>coin bleu frais parmi les agrumes<\/h2>\n<\/div><\/div><\/div><\/div><\/div><div class=\"vc_col-sm-6 wpb_column vc_column_container\"><div class=\"vc_column-inner\"><div class=\"wpb_wrapper\"><div class=\"wpb_text_column giustifica\"><div class=\"wpb_wrapper\"><p>La pittoresque piscine avec vue sur le lac refl\u00e8te le bleu du ciel et du lac, et le grand sundeck dont le rev\u00eatement rappelle les couleurs de la vieille pierre locale accompagne les h\u00f4tes vers des moments de d\u00e9tente totale.<\/p>\n<p>Le gazon anglais qui l&rsquo;entoure est couronn\u00e9e par la roseraie de roses parfum\u00e9es \u00e0 double lumi\u00e8re, aux couleurs du soleil, et par des vari\u00e9t\u00e9s d&rsquo;agrumes: bergamote, orange, mandarine et le d\u00e9licat c\u00e9drat.<\/p>\n<\/div><\/div><\/div><\/div><\/div><\/div><\/div><\/section><section class=\"l-section wpb_row ramo-basso-sx hide_on_default hide_on_laptops hide_on_tablets height_medium\"><div class=\"l-section-h i-cf\"><div class=\"g-cols vc_row via_flex valign_top type_default stacking_default\"><div class=\"vc_col-sm-6 wpb_column vc_column_container\"><div class=\"vc_column-inner\"><div class=\"wpb_wrapper\"><div class=\"wpb_text_column\"><div class=\"wpb_wrapper\"><h1 style=\"text-align: center;\">La piscine avec vue sur le lac<\/h1>\n<\/div><\/div><div class=\"wpb_text_column\"><div class=\"wpb_wrapper\"><h2 style=\"text-align: center;\">coin bleu frais parmi les agrumes<\/h2>\n<\/div><\/div><\/div><\/div><\/div><div class=\"vc_col-sm-6 wpb_column vc_column_container\"><div class=\"vc_column-inner\"><div class=\"wpb_wrapper\"><div class=\"wpb_text_column giustifica\"><div class=\"wpb_wrapper\"><p style=\"text-align: center;\">La pittoresque piscine avec vue sur le lac refl\u00e8te le bleu du ciel et du lac, et le grand sundeck dont le rev\u00eatement rappelle les couleurs de la vieille pierre locale accompagne les h\u00f4tes vers des moments de d\u00e9tente totale.<\/p>\n<p style=\"text-align: center;\">Le gazon anglais qui l&rsquo;entoure est couronn\u00e9e par la roseraie de roses parfum\u00e9es \u00e0 double lumi\u00e8re, aux couleurs du soleil, et par des vari\u00e9t\u00e9s d&rsquo;agrumes: bergamote, orange, mandarine et le d\u00e9licat c\u00e9drat.<\/p>\n<\/div><\/div><\/div><\/div><\/div><\/div><\/div><\/section><section class=\"l-section wpb_row onde hide_on_mobiles height_auto\"><div class=\"l-section-h i-cf\"><div class=\"g-cols vc_row via_flex valign_top type_boxes stacking_default\" style=\"--additional-gap:12.5px;\"><div class=\"vc_col-sm-12 wpb_column vc_column_container no-padding\"><div class=\"vc_column-inner us_custom_7c314053\"><div class=\"wpb_wrapper\"><div class=\"g-cols wpb_row griglia-larga via_flex valign_middle type_boxes stacking_default\" style=\"--additional-gap:2.5px;\"><div class=\"vc_col-sm-6 wpb_column vc_column_container\"><div class=\"vc_column-inner\"><div class=\"wpb_wrapper\"><div class=\"w-image alta align_none\"><div class=\"w-image-h\"><img decoding=\"async\" width=\"768\" height=\"512\" src=\"https:\/\/resortfondolacampagnola.it\/wp-content\/uploads\/2024\/01\/1N3A1497-768x512.jpg\" class=\"attachment-us_768_0 size-us_768_0\" alt=\"\" loading=\"lazy\" srcset=\"https:\/\/resortfondolacampagnola.it\/wp-content\/uploads\/2024\/01\/1N3A1497-768x512.jpg 768w, https:\/\/resortfondolacampagnola.it\/wp-content\/uploads\/2024\/01\/1N3A1497-300x200.jpg 300w, https:\/\/resortfondolacampagnola.it\/wp-content\/uploads\/2024\/01\/1N3A1497-1024x683.jpg 1024w, https:\/\/resortfondolacampagnola.it\/wp-content\/uploads\/2024\/01\/1N3A1497.jpg 1920w\" sizes=\"auto, (max-width: 768px) 100vw, 768px\" \/><\/div><\/div><div class=\"wpb_text_column blocco-blu\"><div class=\"wpb_wrapper\"><h3 style=\"text-align: center;\">Plus de nature,<br \/>\nplus de d\u00e9tente,<br \/>\nplus de vacances&#8230;<\/h3>\n<\/div><\/div><\/div><\/div><\/div><div class=\"vc_col-sm-6 wpb_column vc_column_container has_bg_color\"><div class=\"vc_column-inner us_custom_67f7b001\"><div class=\"wpb_wrapper\"><div class=\"ult-spacer spacer-69e376c950a8c\" data-id=\"69e376c950a8c\" data-height=\"0\" data-height-mobile=\"200\" data-height-tab=\"200\" data-height-tab-portrait=\"200\" data-height-mobile-landscape=\"200\" style=\"clear:both;display:block;\"><\/div><\/div><\/div><\/div><\/div><div class=\"g-cols wpb_row griglia-larga via_flex valign_middle type_boxes stacking_default\" style=\"--additional-gap:2.5px;\"><div class=\"vc_col-sm-6 wpb_column vc_column_container has_bg_color\"><div class=\"vc_column-inner us_custom_b6f40e2f\"><div class=\"wpb_wrapper\"><div class=\"ult-spacer spacer-69e376c950d0f\" data-id=\"69e376c950d0f\" data-height=\"0\" data-height-mobile=\"200\" data-height-tab=\"200\" data-height-tab-portrait=\"200\" data-height-mobile-landscape=\"200\" style=\"clear:both;display:block;\"><\/div><\/div><\/div><\/div><div class=\"vc_col-sm-6 wpb_column vc_column_container\"><div class=\"vc_column-inner\"><div class=\"wpb_wrapper\"><div class=\"wpb_text_column blocco-blu\"><div class=\"wpb_wrapper\"><h3 style=\"text-align: center;\">depuis la piscine<br \/>\navec vue sur le lac<br \/>\ndu resort.<\/h3>\n<\/div><\/div><div class=\"w-image bassa align_none\"><div class=\"w-image-h\"><img decoding=\"async\" width=\"1280\" height=\"853\" src=\"https:\/\/resortfondolacampagnola.it\/wp-content\/uploads\/2017\/08\/rflc-6613.jpg\" class=\"attachment-full size-full\" alt=\"\" loading=\"lazy\" srcset=\"https:\/\/resortfondolacampagnola.it\/wp-content\/uploads\/2017\/08\/rflc-6613.jpg 1280w, https:\/\/resortfondolacampagnola.it\/wp-content\/uploads\/2017\/08\/rflc-6613-300x200.jpg 300w, https:\/\/resortfondolacampagnola.it\/wp-content\/uploads\/2017\/08\/rflc-6613-768x512.jpg 768w, https:\/\/resortfondolacampagnola.it\/wp-content\/uploads\/2017\/08\/rflc-6613-1024x682.jpg 1024w\" sizes=\"auto, (max-width: 1280px) 100vw, 1280px\" \/><\/div><\/div><\/div><\/div><\/div><\/div><\/div><\/div><\/div><\/div><\/div><\/section><section class=\"l-section wpb_row onde hide_on_default hide_on_laptops hide_on_tablets height_auto\"><div class=\"l-section-h i-cf\"><div class=\"g-cols vc_row via_flex valign_top type_boxes stacking_default\" style=\"--additional-gap:12.5px;\"><div class=\"vc_col-sm-12 wpb_column vc_column_container no-padding\"><div class=\"vc_column-inner us_custom_7c314053\"><div class=\"wpb_wrapper\"><div class=\"g-cols wpb_row griglia-larga via_flex valign_middle type_boxes stacking_default\" style=\"--additional-gap:2.5px;\"><div class=\"vc_col-sm-6 wpb_column vc_column_container\"><div class=\"vc_column-inner\"><div class=\"wpb_wrapper\"><div class=\"w-image alta align_none\"><div class=\"w-image-h\"><img decoding=\"async\" width=\"768\" height=\"512\" src=\"https:\/\/resortfondolacampagnola.it\/wp-content\/uploads\/2024\/01\/1N3A1497-768x512.jpg\" class=\"attachment-us_768_0 size-us_768_0\" alt=\"\" loading=\"lazy\" srcset=\"https:\/\/resortfondolacampagnola.it\/wp-content\/uploads\/2024\/01\/1N3A1497-768x512.jpg 768w, https:\/\/resortfondolacampagnola.it\/wp-content\/uploads\/2024\/01\/1N3A1497-300x200.jpg 300w, https:\/\/resortfondolacampagnola.it\/wp-content\/uploads\/2024\/01\/1N3A1497-1024x683.jpg 1024w, https:\/\/resortfondolacampagnola.it\/wp-content\/uploads\/2024\/01\/1N3A1497.jpg 1920w\" sizes=\"auto, (max-width: 768px) 100vw, 768px\" \/><\/div><\/div><div class=\"wpb_text_column blocco-blu\"><div class=\"wpb_wrapper\"><h3 style=\"text-align: center;\">Plus de nature,<br \/>\nplus de d\u00e9tente,<br \/>\nplus de vacances&#8230;<\/h3>\n<\/div><\/div><\/div><\/div><\/div><\/div><div class=\"g-cols wpb_row griglia-larga via_flex valign_middle type_boxes stacking_default\" style=\"--additional-gap:2.5px;\"><div class=\"vc_col-sm-6 wpb_column vc_column_container\"><div class=\"vc_column-inner\"><div class=\"wpb_wrapper\"><div class=\"w-image bassa align_none\"><div class=\"w-image-h\"><img decoding=\"async\" width=\"1280\" height=\"853\" src=\"https:\/\/resortfondolacampagnola.it\/wp-content\/uploads\/2017\/08\/rflc-6613.jpg\" class=\"attachment-full size-full\" alt=\"\" loading=\"lazy\" srcset=\"https:\/\/resortfondolacampagnola.it\/wp-content\/uploads\/2017\/08\/rflc-6613.jpg 1280w, https:\/\/resortfondolacampagnola.it\/wp-content\/uploads\/2017\/08\/rflc-6613-300x200.jpg 300w, https:\/\/resortfondolacampagnola.it\/wp-content\/uploads\/2017\/08\/rflc-6613-768x512.jpg 768w, https:\/\/resortfondolacampagnola.it\/wp-content\/uploads\/2017\/08\/rflc-6613-1024x682.jpg 1024w\" sizes=\"auto, (max-width: 1280px) 100vw, 1280px\" \/><\/div><\/div><div class=\"wpb_text_column blocco-blu\"><div class=\"wpb_wrapper\"><h3 style=\"text-align: center;\">depuis la piscine<br \/>\navec vue sur le lac<br \/>\ndu resort.<\/h3>\n<\/div><\/div><\/div><\/div><\/div><\/div><\/div><\/div><\/div><\/div><\/div><\/section><section class=\"l-section wpb_row us_custom_f1efd84e hide_on_mobiles height_medium full_height valign_center with_img\"><div class=\"l-section-img\" role=\"img\" aria-label=\"Image\" data-img-width=\"1920\" data-img-height=\"850\" style=\"background-image: url(https:\/\/resortfondolacampagnola.it\/wp-content\/uploads\/2017\/08\/resortfondolacampagnola-31.jpg);background-repeat: no-repeat;\"><\/div><div class=\"l-section-h i-cf\"><div class=\"g-cols vc_row via_flex valign_middle type_boxes stacking_default\"><div class=\"vc_col-sm-6 wpb_column vc_column_container\"><div class=\"vc_column-inner\"><div class=\"wpb_wrapper\"><\/div><\/div><\/div><div class=\"vc_col-sm-6 wpb_column vc_column_container\"><div class=\"vc_column-inner\"><div class=\"wpb_wrapper\"><div class=\"w-vwrapper us_custom_bd6efbcf align_none valign_top\"><h3 class=\"w-text\"><span class=\"w-text-h\"><span class=\"w-text-value\">Au coucher du soleil<\/span><\/span><\/h3><div class=\"wpb_text_column\"><div class=\"wpb_wrapper\"><p style=\"text-align: left;\">Les \u00e9motions se poursuivent apr\u00e8s le coucher du soleil, lorsque les lumi\u00e8res s&rsquo;allument sur les anciens murs de pierre, la citronneraie et les vari\u00e9t\u00e9s de fleurs qui couronnent la piscine, cr\u00e9ant des atmosph\u00e8res magiques d&rsquo;antan.<\/p>\n<\/div><\/div><\/div><\/div><\/div><\/div><\/div><\/div><\/section><section class=\"l-section wpb_row us_custom_f1efd84e hide_on_default hide_on_laptops hide_on_tablets height_medium full_height valign_center with_img\"><div class=\"l-section-img\" role=\"img\" aria-label=\"Image\" data-img-width=\"1920\" data-img-height=\"850\" style=\"background-image: url(https:\/\/resortfondolacampagnola.it\/wp-content\/uploads\/2017\/08\/resortfondolacampagnola-31.jpg);background-repeat: no-repeat;\"><\/div><div class=\"l-section-h i-cf\"><div class=\"g-cols vc_row via_flex valign_middle type_boxes stacking_default\"><div class=\"vc_col-sm-6 wpb_column vc_column_container\"><div class=\"vc_column-inner\"><div class=\"wpb_wrapper\"><\/div><\/div><\/div><div class=\"vc_col-sm-6 wpb_column vc_column_container\"><div class=\"vc_column-inner\"><div class=\"wpb_wrapper\"><div class=\"w-vwrapper us_custom_bd6efbcf align_none valign_top\"><h3 class=\"w-text us_custom_eb849559\"><span class=\"w-text-h\"><span class=\"w-text-value\">Au coucher du soleil<\/span><\/span><\/h3><div class=\"wpb_text_column\"><div class=\"wpb_wrapper\"><p style=\"text-align: center;\">Les \u00e9motions se poursuivent apr\u00e8s le coucher du soleil, lorsque les lumi\u00e8res s&rsquo;allument sur les anciens murs de pierre, la citronneraie et les vari\u00e9t\u00e9s de fleurs qui couronnent la piscine, cr\u00e9ant des atmosph\u00e8res magiques d&rsquo;antan.<\/p>\n<\/div><\/div><\/div><\/div><\/div><\/div><\/div><\/div><\/section><section class=\"l-section wpb_row onde height_auto\"><div class=\"l-section-h i-cf\"><div class=\"g-cols vc_row via_flex valign_top type_boxes stacking_default\" style=\"--additional-gap:12.5px;\"><div class=\"vc_col-sm-12 wpb_column vc_column_container no-padding\"><div class=\"vc_column-inner us_custom_7c314053\"><div class=\"wpb_wrapper\"><div class=\"g-cols wpb_row griglia-larga via_flex valign_middle type_boxes stacking_default\" style=\"--additional-gap:2.5px;\"><div class=\"vc_col-sm-6 wpb_column vc_column_container\"><div class=\"vc_column-inner\"><div class=\"wpb_wrapper\"><div class=\"w-image alta align_none\"><div class=\"w-image-h\"><img decoding=\"async\" width=\"2560\" height=\"1920\" src=\"https:\/\/resortfondolacampagnola.it\/wp-content\/uploads\/2024\/01\/image00023-scaled.jpeg\" class=\"attachment-full size-full\" alt=\"\" loading=\"lazy\" srcset=\"https:\/\/resortfondolacampagnola.it\/wp-content\/uploads\/2024\/01\/image00023-scaled.jpeg 2560w, https:\/\/resortfondolacampagnola.it\/wp-content\/uploads\/2024\/01\/image00023-300x225.jpeg 300w, https:\/\/resortfondolacampagnola.it\/wp-content\/uploads\/2024\/01\/image00023-1024x768.jpeg 1024w, https:\/\/resortfondolacampagnola.it\/wp-content\/uploads\/2024\/01\/image00023-768x576.jpeg 768w\" sizes=\"auto, (max-width: 2560px) 100vw, 2560px\" \/><\/div><\/div><div class=\"wpb_text_column blocco-blu\"><div class=\"wpb_wrapper\"><h3 style=\"text-align: center;\">Une place au premier rang&#8230;<\/h3>\n<p style=\"text-align: center;\">pour admirer la lune et les \u00e9toiles sur le lac de Garde, depuis le bord de la piscine d&rsquo;une ancienne maison de citronniers.<\/p>\n<\/div><\/div><div class=\"w-image alta hide_on_default hide_on_laptops hide_on_tablets align_none\"><div class=\"w-image-h\"><img decoding=\"async\" width=\"1200\" height=\"900\" src=\"https:\/\/resortfondolacampagnola.it\/wp-content\/uploads\/2024\/01\/image00020-scaled-e1705669274794.jpeg\" class=\"attachment-full size-full\" alt=\"\" loading=\"lazy\" \/><\/div><\/div><\/div><\/div><\/div><div class=\"vc_col-sm-6 wpb_column vc_column_container hide_on_mobiles has_bg_color\"><div class=\"vc_column-inner us_custom_850f80bb\"><div class=\"wpb_wrapper\"><div class=\"ult-spacer spacer-69e376c954ea8\" data-id=\"69e376c954ea8\" data-height=\"0\" data-height-mobile=\"200\" data-height-tab=\"200\" data-height-tab-portrait=\"200\" data-height-mobile-landscape=\"200\" style=\"clear:both;display:block;\"><\/div><\/div><\/div><\/div><\/div><\/div><\/div><\/div><\/div><\/div><\/section><section class=\"l-section wpb_row prefooter height_medium\"><div class=\"l-section-h i-cf\"><div class=\"g-cols vc_row via_flex valign_top type_boxes stacking_default\" style=\"--additional-gap:10px;\"><div class=\"vc_col-sm-12 wpb_column vc_column_container\"><div class=\"vc_column-inner\"><div class=\"wpb_wrapper\"><div class=\"w-separator hide_on_default hide_on_laptops hide_on_tablets size_small\"><\/div><div class=\"w-content-carousel items_4\"><div class=\"owl-carousel valign_bottom dotstyle_smudge navstyle_circle arrows-ver-pos_middle arrows-hor-pos_on_sides_outside arrows-disabled_hide owl-responsive-2000 with_dots\" style=\"--items-gap:30px;--transition-duration:850ms;\" onclick=\"return {&quot;aria_labels&quot;:{&quot;prev&quot;:&quot;Pr\\u00e9c\\u00e9dent&quot;,&quot;next&quot;:&quot;Suivant&quot;},&quot;autoplayContinual&quot;:false,&quot;autoplayHoverPause&quot;:false,&quot;autoplayTimeout&quot;:3000,&quot;autoWidth&quot;:false,&quot;smartSpeed&quot;:850,&quot;margin&quot;:30,&quot;mouseDrag&quot;:true,&quot;rtl&quot;:false,&quot;slideBy&quot;:&quot;1&quot;,&quot;touchDrag&quot;:true,&quot;slideTransition&quot;:&quot;&quot;,&quot;responsive&quot;:{&quot;0&quot;:{&quot;autoHeight&quot;:false,&quot;autoplay&quot;:false,&quot;autoWidth&quot;:false,&quot;center&quot;:false,&quot;dots&quot;:true,&quot;items&quot;:1,&quot;loop&quot;:false,&quot;nav&quot;:false,&quot;stagePadding&quot;:0,&quot;slideBy&quot;:&quot;1&quot;},&quot;601&quot;:{&quot;autoHeight&quot;:false,&quot;autoplay&quot;:false,&quot;autoWidth&quot;:false,&quot;center&quot;:false,&quot;dots&quot;:true,&quot;items&quot;:4,&quot;loop&quot;:false,&quot;nav&quot;:false,&quot;stagePadding&quot;:0}}}\"><div class=\"w-ibanner animation_phorcys ratio_1x1 easing_ease\"><a href=\"https:\/\/resortfondolacampagnola.it\/fr\/bien-etre\/\" aria-label=\"BIEN-\u00caTRE\"><\/a><div class=\"w-ibanner-h\"><div class=\"w-ibanner-image\" style=\"background-image: url(https:\/\/resortfondolacampagnola.it\/wp-content\/uploads\/2024\/03\/terrazzo-1024x869.jpg)\"><\/div><div class=\"w-ibanner-content\"><div class=\"w-ibanner-content-h\"><h2 class=\"w-ibanner-title\">BIEN-\u00caTRE<\/h2><div class=\"w-ibanner-desc\"><\/div><\/div><\/div><\/div><\/div><div class=\"w-ibanner animation_phorcys ratio_1x1 easing_ease\"><a href=\"https:\/\/resortfondolacampagnola.it\/fr\/sala-del-caminetto\/\" aria-label=\"HALL DE CHEMIN\u00c9E\"><\/a><div class=\"w-ibanner-h\"><div class=\"w-ibanner-image\" style=\"background-image: url(https:\/\/resortfondolacampagnola.it\/wp-content\/uploads\/2024\/01\/20240101_120903-01-1-scaled-1-767x1024.jpg)\"><\/div><div class=\"w-ibanner-content\"><div class=\"w-ibanner-content-h\"><h2 class=\"w-ibanner-title\">HALL DE CHEMIN\u00c9E<\/h2><div class=\"w-ibanner-desc\"><\/div><\/div><\/div><\/div><\/div><div class=\"w-ibanner animation_phorcys ratio_1x1 easing_ease\"><a href=\"https:\/\/resortfondolacampagnola.it\/fr\/gli-appartamenti\/\" aria-label=\"R\u00c9SIDENCES\"><\/a><div class=\"w-ibanner-h\"><div class=\"w-ibanner-image\" style=\"background-image: url(https:\/\/resortfondolacampagnola.it\/wp-content\/uploads\/2024\/03\/piccola2-1024x507.jpg)\"><\/div><div class=\"w-ibanner-content\"><div class=\"w-ibanner-content-h\"><h2 class=\"w-ibanner-title\">R\u00c9SIDENCES<\/h2><div class=\"w-ibanner-desc\"><\/div><\/div><\/div><\/div><\/div><div class=\"w-ibanner animation_phorcys ratio_1x1 easing_ease\"><a href=\"https:\/\/resortfondolacampagnola.it\/fr\/giardino\/\" aria-label=\"JARDIN\"><\/a><div class=\"w-ibanner-h\"><div class=\"w-ibanner-image\" style=\"background-image: url(https:\/\/resortfondolacampagnola.it\/wp-content\/uploads\/2024\/01\/IMG_20190916_083514-769x1024.jpg)\"><\/div><div class=\"w-ibanner-content\"><div class=\"w-ibanner-content-h\"><h2 class=\"w-ibanner-title\">JARDIN<\/h2><div class=\"w-ibanner-desc\"><\/div><\/div><\/div><\/div><\/div><\/div><\/div><\/div><\/div><\/div><\/div><\/div><\/section><section class=\"l-section wpb_row hide_on_mobiles height_auto\"><div class=\"l-section-h i-cf\"><div class=\"g-cols vc_row via_flex valign_top type_boxes stacking_default\" style=\"--additional-gap:10px;\"><div class=\"vc_col-sm-12 wpb_column vc_column_container\"><div class=\"vc_column-inner\"><div class=\"wpb_wrapper\"><div class=\"w-hwrapper valign_middle align_center\"><div class=\"w-image us_custom_10625000 align_right\"><a href=\"https:\/\/resortfondolacampagnola.it\/fr\/cheques-cadeaux\/\" aria-label=\"Group-12\" class=\"w-image-h\"><img decoding=\"async\" width=\"380\" height=\"380\" src=\"https:\/\/resortfondolacampagnola.it\/wp-content\/uploads\/2025\/05\/Group-12.png\" class=\"attachment-large size-large\" alt=\"\" loading=\"lazy\" srcset=\"https:\/\/resortfondolacampagnola.it\/wp-content\/uploads\/2025\/05\/Group-12.png 380w, https:\/\/resortfondolacampagnola.it\/wp-content\/uploads\/2025\/05\/Group-12-300x300.png 300w, https:\/\/resortfondolacampagnola.it\/wp-content\/uploads\/2025\/05\/Group-12-150x150.png 150w, https:\/\/resortfondolacampagnola.it\/wp-content\/uploads\/2025\/05\/Group-12-350x350.png 350w\" sizes=\"auto, (max-width: 380px) 100vw, 380px\" \/><\/a><\/div><h2 class=\"w-text us_custom_47680785\"><span class=\"w-text-h\"><span class=\"w-text-value\">DEMANDEZ VOTRE BON CADEAU<\/span><\/span><\/h2><\/div><\/div><\/div><\/div><\/div><\/div><\/section><section class=\"l-section wpb_row hide_on_default hide_on_laptops hide_on_tablets height_auto\"><div class=\"l-section-h i-cf\"><div class=\"g-cols vc_row via_flex valign_top type_boxes stacking_default\" style=\"--additional-gap:10px;\"><div class=\"vc_col-sm-12 wpb_column vc_column_container\"><div class=\"vc_column-inner\"><div class=\"wpb_wrapper\"><div class=\"w-separator size_small\"><\/div><div class=\"w-image align_center\"><a href=\"https:\/\/resortfondolacampagnola.it\/fr\/cheques-cadeaux\/\" aria-label=\"Group-12piccolo\" class=\"w-image-h\"><img decoding=\"async\" width=\"150\" height=\"150\" src=\"https:\/\/resortfondolacampagnola.it\/wp-content\/uploads\/2026\/01\/Group-12piccolo.png\" class=\"attachment-large size-large\" alt=\"\" loading=\"lazy\" \/><\/a><\/div><div class=\"w-separator size_small\"><\/div><div class=\"w-btn-wrapper align_center\"><a class=\"w-btn us-btn-style_1\" href=\"https:\/\/resortfondolacampagnola.it\/fr\/cheques-cadeaux\/\"><span class=\"w-btn-label\">DEMANDEZ VOTRE BON CADEAU<\/span><\/a><\/div><div class=\"w-separator size_huge\"><\/div><\/div><\/div><\/div><\/div><\/div><\/section>\n","protected":false},"excerpt":{"rendered":"[rev_slider_vc alias=\"piscina\"]La piscine avec vue sur le lac coin bleu frais parmi les agrumes La pittoresque piscine avec vue sur le lac refl\u00e8te le bleu du ciel et du lac, et le grand sundeck dont le rev\u00eatement rappelle les couleurs de la vieille pierre locale accompagne les h\u00f4tes vers des moments de d\u00e9tente totale. Le...","protected":false},"author":3,"featured_media":0,"parent":5920,"menu_order":0,"comment_status":"closed","ping_status":"closed","template":"","meta":{"inline_featured_image":false,"footnotes":""},"class_list":["post-4075","page","type-page","status-publish","hentry"],"_links":{"self":[{"href":"https:\/\/resortfondolacampagnola.it\/fr\/wp-json\/wp\/v2\/pages\/4075","targetHints":{"allow":["GET"]}}],"collection":[{"href":"https:\/\/resortfondolacampagnola.it\/fr\/wp-json\/wp\/v2\/pages"}],"about":[{"href":"https:\/\/resortfondolacampagnola.it\/fr\/wp-json\/wp\/v2\/types\/page"}],"author":[{"embeddable":true,"href":"https:\/\/resortfondolacampagnola.it\/fr\/wp-json\/wp\/v2\/users\/3"}],"replies":[{"embeddable":true,"href":"https:\/\/resortfondolacampagnola.it\/fr\/wp-json\/wp\/v2\/comments?post=4075"}],"version-history":[{"count":15,"href":"https:\/\/resortfondolacampagnola.it\/fr\/wp-json\/wp\/v2\/pages\/4075\/revisions"}],"predecessor-version":[{"id":8747,"href":"https:\/\/resortfondolacampagnola.it\/fr\/wp-json\/wp\/v2\/pages\/4075\/revisions\/8747"}],"up":[{"embeddable":true,"href":"https:\/\/resortfondolacampagnola.it\/fr\/wp-json\/wp\/v2\/pages\/5920"}],"wp:attachment":[{"href":"https:\/\/resortfondolacampagnola.it\/fr\/wp-json\/wp\/v2\/media?parent=4075"}],"curies":[{"name":"wp","href":"https:\/\/api.w.org\/{rel}","templated":true}]}}