{"id":4029,"date":"2024-01-04T16:23:29","date_gmt":"2024-01-04T15:23:29","guid":{"rendered":"https:\/\/resortfondolacampagnola.it\/?page_id=4029"},"modified":"2026-02-23T17:26:07","modified_gmt":"2026-02-23T16:26:07","slug":"conditions-de-sejour","status":"publish","type":"page","link":"https:\/\/resortfondolacampagnola.it\/fr\/conditions-de-sejour\/","title":{"rendered":"Conditions de s\u00e9jour"},"content":{"rendered":"<section class=\"l-section wpb_row ramo-grande-sx height_small\"><div class=\"l-section-h i-cf\"><div class=\"g-cols vc_row via_flex valign_top type_default stacking_default\"><div class=\"vc_col-sm-12 wpb_column vc_column_container\"><div class=\"vc_column-inner\"><div class=\"wpb_wrapper\"><div class=\"w-image i400 align_center\"><div class=\"w-image-h\"><img decoding=\"async\" src=\"https:\/\/resortfondolacampagnola.it\/wp-content\/uploads\/2025\/01\/divisore-verde-1.svg\" class=\"attachment-full size-full\" alt=\"\" loading=\"lazy\" \/><\/div><\/div><div class=\"wpb_text_column disintermediazione\"><div class=\"wpb_wrapper\"><h1 style=\"text-align: center;\">Conditions de s\u00e9jour<\/h1>\n<\/div><\/div><div class=\"w-separator size_small\"><\/div><div class=\"g-cols wpb_row us_custom_cf362e21 fascia-condizioni via_flex valign_top type_default stacking_default\" style=\"--additional-gap:17.5px;\"><div class=\"vc_col-sm-6 wpb_column vc_column_container\"><div class=\"vc_column-inner\"><div class=\"wpb_wrapper\"><h2 class=\"w-text\"><span class=\"w-text-h\"><span class=\"w-text-value\">Tous les services du Resort<\/span><\/span><\/h2><div class=\"wpb_text_column\"><div class=\"wpb_wrapper\"><p><strong><span style=\"color: #7b8c79;\">INCLUS DANS LE PRIX DE L&rsquo;H\u00c9BERGEMENT<\/span><\/strong><\/p>\n<ul>\n<li>Utilisation de la piscine<\/li>\n<li>Serviettes de piscine<\/li>\n<li>Linge de cuisine, de lit et de toilette. (Pour les s\u00e9jours de plus d&rsquo;une semaine, le changement de linge et le nettoyage de l&rsquo;appartement en milieu de s\u00e9jour sont gratuits)<\/li>\n<li>Ligne de produits de bain \u00e0 l&rsquo;huile d&rsquo;olive<\/li>\n<li>Internet wi-fi (dans l&rsquo;appartement et dans le jardin)<\/li>\n<li>TV Sat<\/li>\n<li>Lave-vaisselle<\/li>\n<li>Set de nettoyage de la vaisselle<\/li>\n<li>Machine \u00e0 caf\u00e9 expresso (dosettes payantes)<\/li>\n<li>Climatisation\/Chauffage<\/li>\n<li>Parking dans l\u2019h\u00f4tel ou autorisation de parking public \u00e0 proximit\u00e9 selon la disponibilit\u00e9 (pour les appartements du Fondo la Campagnola Resort)<\/li>\n<li>Permis de stationnement public gratuit (pour l&rsquo;appartement \u00ab\u00a0Casa Caterina\u00a0\u00bb)<\/li>\n<\/ul>\n<p><strong><span style=\"color: #7b8c79;\">AVEC SUPPL\u00c9MENT<\/span><\/strong><\/p>\n<ul>\n<li>Nettoyage final obligatoire: 70 \u20ac<\/li>\n<li>Nettoyage quotidien (sur demande): 25 \u20ac \u00e0 35 \u20ac selon la r\u00e9sidence<\/li>\n<li>Petit-d\u00e9jeuner (\u00e0 l&rsquo;Hotel Villa Europa): <span>adultes \u20ac 18,00 par personne, enfants jusqu\u2019\u00e0 10 ans \u20ac 12,00 par personne<\/span><\/li>\n<li>Service de blanchisserie: 25 \u20ac\/lavage-s\u00e9chage<\/li>\n<li>Changement suppl\u00e9mentaire de linge: linge de lit 7 \u20ac\/personne et serviettes 7 \u20ac\/personne<\/li>\n<li>Kit b\u00e9b\u00e9: lit b\u00e9b\u00e9 25 \u20ac, chaise haute 15 \u20ac, poussette 25 \u20ac (par s\u00e9jour)<\/li>\n<li>Animaux: 10 \u20ac\/jour (non admis du 1er mai au 15 septembre)<\/li>\n<li>Massages<\/li>\n<li>Location de v\u00e9los \u00e9lectriques<\/li>\n<\/ul>\n<\/div><\/div><\/div><\/div><\/div><div class=\"vc_col-sm-6 wpb_column vc_column_container\"><div class=\"vc_column-inner\"><div class=\"wpb_wrapper\"><h2 class=\"w-text\"><span class=\"w-text-h\"><span class=\"w-text-value\">Horaires<\/span><\/span><\/h2><div class=\"wpb_text_column\"><div class=\"wpb_wrapper\"><ul>\n<li><strong>\u00ab\u00a0Check-in\u00a0\u00bb Arriv\u00e9e \u00e0 l&rsquo;H\u00f4tel Villa Europa de 15h00 \u00e0 19h00 (veuillez contacter l&rsquo;h\u00f4tel en cas d&rsquo;arriv\u00e9e tardive)<\/strong><\/li>\n<li><strong>\u00ab\u00a0Check-out\u00a0\u00bb D\u00e9part avant 10h00<\/strong><\/li>\n<\/ul>\n<\/div><\/div><h2 class=\"w-text\"><span class=\"w-text-h\"><span class=\"w-text-value\">Activit\u00e9s et points d&rsquo;int\u00e9r\u00eat<\/span><\/span><\/h2><div class=\"wpb_text_column\"><div class=\"wpb_wrapper\"><ul>\n<li>Plage (\u00e0 250 m)<\/li>\n<li>Location de v\u00e9los (\u00e0 250 m)<\/li>\n<li>\u00c9cole et location de planche \u00e0 voile (\u00e0 250 m)<\/li>\n<li>Palazzo Feltrinelli (\u00e0 350 m)<\/li>\n<li>Centre de Gargnano (\u00e0 500 m)<\/li>\n<li>Clo\u00eetre roman de San Francesco (\u00e0 500 m)<\/li>\n<li>Port\/embarcad\u00e8re (\u00e0 500 m)<\/li>\n<li>Ancien jardin de citronniers (\u00e0 500 m)<\/li>\n<li>Palazzo Bettoni (\u00e0 2 km)<\/li>\n<li>Terrain de golf (\u00e0 2 km)<\/li>\n<li>Terrain de tennis (\u00e0 2 km)<\/li>\n<li>Club de voile \u00ab\u00a0Circolo Vela Bogliaco\u00a0\u00bb (\u00e0 2 km)<\/li>\n<li>\u00c9quitation (\u00e0 3 km)<\/li>\n<li>Vittoriale degli Italiani (\u00e0 12 km)<\/li>\n<\/ul>\n<\/div><\/div><\/div><\/div><\/div><\/div><\/div><\/div><\/div><\/div><\/div><\/section><section class=\"l-section wpb_row hide_on_mobiles height_medium\"><div class=\"l-section-h i-cf\"><div class=\"g-cols vc_row via_flex valign_top type_default stacking_default\"><div class=\"vc_col-sm-12 wpb_column vc_column_container\"><div class=\"vc_column-inner\"><div class=\"wpb_wrapper\"><section class=\"l-section wpb_row us_custom_b37df63d height_auto width_full\"><div class=\"l-section-h i-cf\"><div class=\"g-cols vc_row via_flex valign_top type_default stacking_default\"><div class=\"vc_col-sm-12 wpb_column vc_column_container\"><div class=\"vc_column-inner\"><div class=\"wpb_wrapper\"><h1 class=\"w-text us_custom_eb849559\"><span class=\"w-text-h\"><span class=\"w-text-value\">Les Offres r\u00e9servation directe<\/span><\/span><\/h1><div class=\"w-image i400 align_center\"><div class=\"w-image-h\"><img decoding=\"async\" src=\"https:\/\/resortfondolacampagnola.it\/wp-content\/uploads\/2025\/01\/divisore-verde-1.svg\" class=\"attachment-full size-full\" alt=\"\" loading=\"lazy\" \/><\/div><\/div><div class=\"w-separator size_small\"><\/div><div class=\"w-separator hide_on_default hide_on_laptops hide_on_tablets hide_on_mobiles size_small with_line width_default thick_1 style_solid color_border align_center with_content\"><div class=\"w-separator-h\"><i class=\"far fa-chevron-down\"><\/i><\/div><\/div><div class=\"w-hwrapper valign_middle stack_on_mobiles align_none\"><div class=\"w-vwrapper us_custom_a7282553 align_center valign_top\"><div class=\"w-image us_custom_cd44ce25 align_none\"><div class=\"w-image-h\"><img decoding=\"async\" width=\"500\" height=\"500\" src=\"https:\/\/resortfondolacampagnola.it\/wp-content\/uploads\/2025\/01\/icona_limone_medio.png\" class=\"attachment-large size-large\" alt=\"\" loading=\"lazy\" \/><\/div><\/div><div class=\"wpb_text_column us_custom_e90e4422\"><div class=\"wpb_wrapper\"><p>Inutile de chercher ailleurs\u2026<br \/>\nvous trouverez ici le meilleur taux garanti!<\/p>\n<\/div><\/div><div class=\"w-separator size_small\"><\/div><div class=\"wpb_text_column us_custom_b4198c51\"><div class=\"wpb_wrapper\"><p>Si, apr\u00e8s avoir r\u00e9serv\u00e9 sur ce site, vous trouvez une meilleure offre, nous vous rembourserons la diff\u00e9rence.<\/p>\n<\/div><\/div><\/div><div class=\"w-vwrapper us_custom_2faa9a1a align_none valign_top\"><div class=\"w-text us_custom_3f6a1a2d\"><span class=\"w-text-h\"><span class=\"w-text-value\">Bonus r\u00e9serv\u00e9s \u00e0 la r\u00e9servation sur le site officiel<\/span><\/span><\/div><div class=\"w-separator size_small\"><\/div><div class=\"wpb_text_column us_custom_50b84378\"><div class=\"wpb_wrapper\"><ul>\n<li>Offres et avantages exclusifs<\/li>\n<li>Parking gratuit<\/li>\n<li>WiFi gratuit<\/li>\n<li>Piscine gratuite<\/li>\n<li>Serviettes de piscine<\/li>\n<li>Set pour lave-vaisselle<\/li>\n<\/ul>\n<\/div><\/div><\/div><\/div><\/div><\/div><\/div><\/div><\/div><\/section>\n<\/div><\/div><\/div><\/div><\/div><\/section><section class=\"l-section wpb_row hide_on_default hide_on_laptops hide_on_tablets height_medium\"><div class=\"l-section-h i-cf\"><div class=\"g-cols vc_row via_flex valign_top type_default stacking_default\"><div class=\"vc_col-sm-12 wpb_column vc_column_container\"><div class=\"vc_column-inner\"><div class=\"wpb_wrapper\"><section class=\"l-section wpb_row us_custom_b37df63d height_auto width_full\"><div class=\"l-section-h i-cf\"><div class=\"g-cols vc_row via_flex valign_top type_default stacking_default\"><div class=\"vc_col-sm-12 wpb_column vc_column_container\"><div class=\"vc_column-inner\"><div class=\"wpb_wrapper\"><h1 class=\"w-text us_custom_eb849559\"><span class=\"w-text-h\"><span class=\"w-text-value\">Les Offres r\u00e9servation directe<\/span><\/span><\/h1><div class=\"w-image i400 align_center\"><div class=\"w-image-h\"><img decoding=\"async\" src=\"https:\/\/resortfondolacampagnola.it\/wp-content\/uploads\/2025\/01\/divisore-verde-1.svg\" class=\"attachment-full size-full\" alt=\"\" loading=\"lazy\" \/><\/div><\/div><div class=\"w-separator size_small\"><\/div><div class=\"w-separator hide_on_default hide_on_laptops hide_on_tablets hide_on_mobiles size_small with_line width_default thick_1 style_solid color_border align_center with_content\"><div class=\"w-separator-h\"><i class=\"far fa-chevron-down\"><\/i><\/div><\/div><div class=\"w-hwrapper valign_middle stack_on_mobiles align_none\"><div class=\"w-vwrapper us_custom_a7282553 align_center valign_top\"><div class=\"wpb_text_column us_custom_e90e4422\"><div class=\"wpb_wrapper\"><p>Inutile de chercher ailleurs\u2026<br \/>\nvous trouverez ici le meilleur taux garanti!<\/p>\n<\/div><\/div><div class=\"w-separator size_small\"><\/div><div class=\"wpb_text_column us_custom_b4198c51\"><div class=\"wpb_wrapper\"><p>Si, apr\u00e8s avoir r\u00e9serv\u00e9 sur ce site, vous trouvez une meilleure offre, nous vous rembourserons la diff\u00e9rence.<\/p>\n<\/div><\/div><\/div><div class=\"w-vwrapper us_custom_2faa9a1a align_none valign_top\"><div class=\"w-text us_custom_263b540a\"><span class=\"w-text-h\"><span class=\"w-text-value\">Bonus r\u00e9serv\u00e9s \u00e0 la r\u00e9servation sur le site officiel<\/span><\/span><\/div><div class=\"w-separator size_small\"><\/div><div class=\"wpb_text_column us_custom_50b84378\"><div class=\"wpb_wrapper\"><ul>\n<li>Offres et avantages exclusifs<\/li>\n<li>Parking gratuit<\/li>\n<li>WiFi gratuit<\/li>\n<li>Piscine gratuite<\/li>\n<li>Serviettes de piscine<\/li>\n<li>Set pour lave-vaisselle<\/li>\n<\/ul>\n<\/div><\/div><\/div><\/div><\/div><\/div><\/div><\/div><\/div><\/section>\n<\/div><\/div><\/div><\/div><\/div><\/section><section class=\"l-section wpb_row prefooter height_medium\"><div class=\"l-section-h i-cf\"><div class=\"g-cols vc_row via_flex valign_top type_boxes stacking_default\" style=\"--additional-gap:10px;\"><div class=\"vc_col-sm-12 wpb_column vc_column_container\"><div class=\"vc_column-inner\"><div class=\"wpb_wrapper\"><div class=\"w-content-carousel items_4\"><div class=\"owl-carousel valign_bottom dotstyle_smudge navstyle_circle arrows-ver-pos_middle arrows-hor-pos_on_sides_outside arrows-disabled_hide owl-responsive-2000 with_dots\" style=\"--items-gap:30px;--transition-duration:850ms;\" onclick=\"return {&quot;aria_labels&quot;:{&quot;prev&quot;:&quot;Pr\\u00e9c\\u00e9dent&quot;,&quot;next&quot;:&quot;Suivant&quot;},&quot;autoplayContinual&quot;:false,&quot;autoplayHoverPause&quot;:false,&quot;autoplayTimeout&quot;:3000,&quot;autoWidth&quot;:false,&quot;smartSpeed&quot;:850,&quot;margin&quot;:30,&quot;mouseDrag&quot;:true,&quot;rtl&quot;:false,&quot;slideBy&quot;:&quot;1&quot;,&quot;touchDrag&quot;:true,&quot;slideTransition&quot;:&quot;&quot;,&quot;responsive&quot;:{&quot;0&quot;:{&quot;autoHeight&quot;:false,&quot;autoplay&quot;:false,&quot;autoWidth&quot;:false,&quot;center&quot;:false,&quot;dots&quot;:true,&quot;items&quot;:1,&quot;loop&quot;:false,&quot;nav&quot;:false,&quot;stagePadding&quot;:0,&quot;slideBy&quot;:&quot;1&quot;},&quot;601&quot;:{&quot;autoHeight&quot;:false,&quot;autoplay&quot;:false,&quot;autoWidth&quot;:false,&quot;center&quot;:false,&quot;dots&quot;:true,&quot;items&quot;:4,&quot;loop&quot;:false,&quot;nav&quot;:false,&quot;stagePadding&quot;:0}}}\"><div class=\"w-ibanner animation_phorcys ratio_1x1 easing_ease\"><a href=\"https:\/\/resortfondolacampagnola.it\/fr\/piscine-avec-vue-sur-le-lac\/\" aria-label=\"PISCINE\"><\/a><div class=\"w-ibanner-h\"><div class=\"w-ibanner-image\" style=\"background-image: url(https:\/\/resortfondolacampagnola.it\/wp-content\/uploads\/2024\/01\/1N3A1501-1024x683.jpg)\"><\/div><div class=\"w-ibanner-content\"><div class=\"w-ibanner-content-h\"><h2 class=\"w-ibanner-title\">PISCINE<\/h2><div class=\"w-ibanner-desc\"><\/div><\/div><\/div><\/div><\/div><div class=\"w-ibanner animation_phorcys ratio_1x1 easing_ease\"><a href=\"https:\/\/resortfondolacampagnola.it\/fr\/gli-appartamenti\/\" aria-label=\"R\u00c9SIDENCES\"><\/a><div class=\"w-ibanner-h\"><div class=\"w-ibanner-image\" style=\"background-image: url(https:\/\/resortfondolacampagnola.it\/wp-content\/uploads\/2024\/03\/piccola2-1024x507.jpg)\"><\/div><div class=\"w-ibanner-content\"><div class=\"w-ibanner-content-h\"><h2 class=\"w-ibanner-title\">R\u00c9SIDENCES<\/h2><div class=\"w-ibanner-desc\"><\/div><\/div><\/div><\/div><\/div><div class=\"w-ibanner animation_phorcys ratio_1x1 easing_ease\"><a href=\"https:\/\/resortfondolacampagnola.it\/fr\/bien-etre\/\" aria-label=\"BIEN-\u00caTRE\"><\/a><div class=\"w-ibanner-h\"><div class=\"w-ibanner-image\" style=\"background-image: url(https:\/\/resortfondolacampagnola.it\/wp-content\/uploads\/2024\/03\/terrazzo-1024x869.jpg)\"><\/div><div class=\"w-ibanner-content\"><div class=\"w-ibanner-content-h\"><h2 class=\"w-ibanner-title\">BIEN-\u00caTRE<\/h2><div class=\"w-ibanner-desc\"><\/div><\/div><\/div><\/div><\/div><div class=\"w-ibanner animation_phorcys ratio_1x1 easing_ease\"><a href=\"https:\/\/resortfondolacampagnola.it\/fr\/la-colazione\/\" aria-label=\"PETIT-D\u00c9JEUNER\"><\/a><div class=\"w-ibanner-h\"><div class=\"w-ibanner-image\" style=\"background-image: url(https:\/\/resortfondolacampagnola.it\/wp-content\/uploads\/2024\/03\/hve-5809-1-1024x818.jpg)\"><\/div><div class=\"w-ibanner-content\"><div class=\"w-ibanner-content-h\"><h2 class=\"w-ibanner-title\">PETIT-D\u00c9JEUNER<\/h2><div class=\"w-ibanner-desc\"><\/div><\/div><\/div><\/div><\/div><\/div><\/div><\/div><\/div><\/div><\/div><\/div><\/section><section class=\"l-section wpb_row hide_on_mobiles height_auto\"><div class=\"l-section-h i-cf\"><div class=\"g-cols vc_row via_flex valign_top type_boxes stacking_default\" style=\"--additional-gap:10px;\"><div class=\"vc_col-sm-12 wpb_column vc_column_container\"><div class=\"vc_column-inner\"><div class=\"wpb_wrapper\"><div class=\"w-hwrapper valign_middle align_center\"><div class=\"w-image us_custom_10625000 align_right\"><a href=\"https:\/\/resortfondolacampagnola.it\/fr\/cheques-cadeaux\/\" aria-label=\"Group-12\" class=\"w-image-h\"><img decoding=\"async\" width=\"380\" height=\"380\" src=\"https:\/\/resortfondolacampagnola.it\/wp-content\/uploads\/2025\/05\/Group-12.png\" class=\"attachment-large size-large\" alt=\"\" loading=\"lazy\" srcset=\"https:\/\/resortfondolacampagnola.it\/wp-content\/uploads\/2025\/05\/Group-12.png 380w, https:\/\/resortfondolacampagnola.it\/wp-content\/uploads\/2025\/05\/Group-12-300x300.png 300w, https:\/\/resortfondolacampagnola.it\/wp-content\/uploads\/2025\/05\/Group-12-150x150.png 150w, https:\/\/resortfondolacampagnola.it\/wp-content\/uploads\/2025\/05\/Group-12-350x350.png 350w\" sizes=\"auto, (max-width: 380px) 100vw, 380px\" \/><\/a><\/div><h2 class=\"w-text us_custom_47680785\"><span class=\"w-text-h\"><span class=\"w-text-value\">DEMANDEZ VOTRE BON CADEAU<\/span><\/span><\/h2><\/div><\/div><\/div><\/div><\/div><\/div><\/section><section class=\"l-section wpb_row hide_on_default hide_on_laptops hide_on_tablets height_auto\"><div class=\"l-section-h i-cf\"><div class=\"g-cols vc_row via_flex valign_top type_boxes stacking_default\" style=\"--additional-gap:10px;\"><div class=\"vc_col-sm-12 wpb_column vc_column_container\"><div class=\"vc_column-inner\"><div class=\"wpb_wrapper\"><div class=\"w-separator size_small\"><\/div><div class=\"w-image align_center\"><a href=\"https:\/\/resortfondolacampagnola.it\/fr\/cheques-cadeaux\/\" aria-label=\"Group-12piccolo\" class=\"w-image-h\"><img decoding=\"async\" width=\"150\" height=\"150\" src=\"https:\/\/resortfondolacampagnola.it\/wp-content\/uploads\/2026\/01\/Group-12piccolo.png\" class=\"attachment-large size-large\" alt=\"\" loading=\"lazy\" \/><\/a><\/div><div class=\"w-separator size_small\"><\/div><div class=\"w-btn-wrapper align_center\"><a class=\"w-btn us-btn-style_1\" href=\"https:\/\/resortfondolacampagnola.it\/fr\/cheques-cadeaux\/\"><span class=\"w-btn-label\">DEMANDEZ VOTRE BON CADEAU<\/span><\/a><\/div><div class=\"w-separator size_huge\"><\/div><\/div><\/div><\/div><\/div><\/div><\/section>\n","protected":false},"excerpt":{"rendered":"Conditions de s\u00e9jour Tous les services du ResortINCLUS DANS LE PRIX DE L&rsquo;H\u00c9BERGEMENT Utilisation de la piscine Serviettes de piscine Linge de cuisine, de lit et de toilette. (Pour les s\u00e9jours de plus d&rsquo;une semaine, le changement de linge et le nettoyage de l&rsquo;appartement en milieu de s\u00e9jour sont gratuits) Ligne de produits de bain...","protected":false},"author":3,"featured_media":0,"parent":0,"menu_order":0,"comment_status":"closed","ping_status":"closed","template":"","meta":{"inline_featured_image":false,"footnotes":""},"class_list":["post-4029","page","type-page","status-publish","hentry"],"_links":{"self":[{"href":"https:\/\/resortfondolacampagnola.it\/fr\/wp-json\/wp\/v2\/pages\/4029","targetHints":{"allow":["GET"]}}],"collection":[{"href":"https:\/\/resortfondolacampagnola.it\/fr\/wp-json\/wp\/v2\/pages"}],"about":[{"href":"https:\/\/resortfondolacampagnola.it\/fr\/wp-json\/wp\/v2\/types\/page"}],"author":[{"embeddable":true,"href":"https:\/\/resortfondolacampagnola.it\/fr\/wp-json\/wp\/v2\/users\/3"}],"replies":[{"embeddable":true,"href":"https:\/\/resortfondolacampagnola.it\/fr\/wp-json\/wp\/v2\/comments?post=4029"}],"version-history":[{"count":20,"href":"https:\/\/resortfondolacampagnola.it\/fr\/wp-json\/wp\/v2\/pages\/4029\/revisions"}],"predecessor-version":[{"id":8768,"href":"https:\/\/resortfondolacampagnola.it\/fr\/wp-json\/wp\/v2\/pages\/4029\/revisions\/8768"}],"wp:attachment":[{"href":"https:\/\/resortfondolacampagnola.it\/fr\/wp-json\/wp\/v2\/media?parent=4029"}],"curies":[{"name":"wp","href":"https:\/\/api.w.org\/{rel}","templated":true}]}}