{"id":1837,"date":"2017-10-26T16:08:14","date_gmt":"2017-10-26T14:08:14","guid":{"rendered":"https:\/\/resortfondolacampagnola.it\/lage\/"},"modified":"2026-02-23T13:16:36","modified_gmt":"2026-02-23T12:16:36","slug":"lage","status":"publish","type":"page","link":"https:\/\/resortfondolacampagnola.it\/de\/lage\/","title":{"rendered":"Lage"},"content":{"rendered":"<section class=\"l-section wpb_row ramo-grande-sx height_small\"><div class=\"l-section-h i-cf\"><div class=\"g-cols vc_row via_flex valign_top type_default stacking_default\"><div class=\"vc_col-sm-12 wpb_column vc_column_container\"><div class=\"vc_column-inner\"><div class=\"wpb_wrapper\"><div class=\"w-image i400 align_center\"><div class=\"w-image-h\"><img decoding=\"async\" src=\"https:\/\/resortfondolacampagnola.it\/wp-content\/uploads\/2025\/01\/divisore-verde-1.svg\" class=\"attachment-full size-full\" alt=\"\" loading=\"lazy\" \/><\/div><\/div><div class=\"wpb_text_column riga-h1\"><div class=\"wpb_wrapper\"><h1 style=\"text-align: center;\">Lage<\/h1>\n<h2 style=\"text-align: center;\">Ganz in der N\u00e4he des malerischen Stadtzentrums von Gargnano und 250 Meter vom Strand entfernt<\/h2>\n<\/div><\/div><div class=\"w-separator size_small\"><\/div><div class=\"w-content-carousel items_1 us_custom_a8ad455f\"><div class=\"owl-carousel valign_stretch dotstyle_smudge navstyle_circle arrows-ver-pos_middle arrows-hor-pos_on_sides_outside arrows-disabled_hide owl-responsive-2000 with_dots with_arrows\" style=\"--items-gap:30px;--transition-duration:1000ms;--arrows-size:1.5rem;--arrows-gap:10px;\" onclick=\"return {&quot;aria_labels&quot;:{&quot;prev&quot;:&quot;Zur\\u00fcck&quot;,&quot;next&quot;:&quot;Weiter&quot;},&quot;autoplayContinual&quot;:false,&quot;autoplayHoverPause&quot;:false,&quot;autoplayTimeout&quot;:3000,&quot;autoWidth&quot;:false,&quot;smartSpeed&quot;:1000,&quot;margin&quot;:30,&quot;mouseDrag&quot;:true,&quot;rtl&quot;:false,&quot;slideBy&quot;:&quot;1&quot;,&quot;touchDrag&quot;:true,&quot;slideTransition&quot;:&quot;&quot;,&quot;responsive&quot;:{&quot;0&quot;:{&quot;autoHeight&quot;:false,&quot;autoplay&quot;:false,&quot;autoWidth&quot;:false,&quot;center&quot;:false,&quot;dots&quot;:true,&quot;items&quot;:1,&quot;loop&quot;:true,&quot;nav&quot;:false,&quot;stagePadding&quot;:0,&quot;slideBy&quot;:&quot;1&quot;},&quot;601&quot;:{&quot;autoHeight&quot;:false,&quot;autoplay&quot;:false,&quot;autoWidth&quot;:false,&quot;center&quot;:false,&quot;dots&quot;:true,&quot;items&quot;:1,&quot;loop&quot;:true,&quot;nav&quot;:true,&quot;stagePadding&quot;:0}}}\"><div class=\"w-hwrapper us_custom_c70c97eb valign_middle stack_on_mobiles align_none\"><div class=\"w-image align_none\"><div class=\"w-image-h\"><img decoding=\"async\" width=\"1024\" height=\"681\" src=\"https:\/\/resortfondolacampagnola.it\/wp-content\/uploads\/2025\/01\/DSC_0779-1024x681-1.jpg\" class=\"attachment-full size-full\" alt=\"\" loading=\"lazy\" \/><\/div><\/div><div class=\"wpb_text_column us_custom_7aaefc46\"><div class=\"wpb_wrapper\"><h2>Der Strand Fontanella<\/h2>\n<p><strong>250 Meter vom Resort entfernt<\/strong><\/p>\n<p>Wenige Schritte vom Resort befindet sich der \u00f6ffentliche Strand Parco Fontanella mit einem Beach-Volleyplatz, Bar, und Restaurant-Pizzeria.<\/p>\n<\/div><\/div><\/div><div class=\"w-hwrapper us_custom_c70c97eb valign_middle stack_on_mobiles align_none\"><div class=\"w-image align_none\"><div class=\"w-image-h\"><img decoding=\"async\" width=\"1000\" height=\"650\" src=\"https:\/\/resortfondolacampagnola.it\/wp-content\/uploads\/2017\/09\/spiaggia-di-gargnano-1.jpg\" class=\"attachment-full size-full\" alt=\"\" loading=\"lazy\" srcset=\"https:\/\/resortfondolacampagnola.it\/wp-content\/uploads\/2017\/09\/spiaggia-di-gargnano-1.jpg 1000w, https:\/\/resortfondolacampagnola.it\/wp-content\/uploads\/2017\/09\/spiaggia-di-gargnano-1-300x195.jpg 300w, https:\/\/resortfondolacampagnola.it\/wp-content\/uploads\/2017\/09\/spiaggia-di-gargnano-1-768x499.jpg 768w\" sizes=\"auto, (max-width: 1000px) 100vw, 1000px\" \/><\/div><\/div><div class=\"wpb_text_column us_custom_7aaefc46\"><div class=\"wpb_wrapper\"><h2>Der Strand Castello<\/h2>\n<p><strong>450 Meter vom Resort entfernt<\/strong><\/p>\n<p>Wenige Schritte vom Resort befindet sich der \u00f6ffentliche Strand Castello.<\/p>\n<\/div><\/div><\/div><div class=\"w-hwrapper us_custom_c70c97eb valign_middle stack_on_mobiles align_none\"><div class=\"w-image align_none\"><div class=\"w-image-h\"><img decoding=\"async\" width=\"1000\" height=\"650\" src=\"https:\/\/resortfondolacampagnola.it\/wp-content\/uploads\/2017\/09\/gargnano-1.jpg\" class=\"attachment-full size-full\" alt=\"\" loading=\"lazy\" srcset=\"https:\/\/resortfondolacampagnola.it\/wp-content\/uploads\/2017\/09\/gargnano-1.jpg 1000w, https:\/\/resortfondolacampagnola.it\/wp-content\/uploads\/2017\/09\/gargnano-1-300x195.jpg 300w, https:\/\/resortfondolacampagnola.it\/wp-content\/uploads\/2017\/09\/gargnano-1-768x499.jpg 768w\" sizes=\"auto, (max-width: 1000px) 100vw, 1000px\" \/><\/div><\/div><div class=\"wpb_text_column us_custom_7aaefc46\"><div class=\"wpb_wrapper\"><h2>Das Zentrum von Gargnano<\/h2>\n<p><strong>500 Meter vom Resort entfernt<\/strong><\/p>\n<p>Die Altstadt von Gargnano mit seinem Hafen, den h\u00fcbschen Gesch\u00e4ften, Caf\u00e9s und typischen Restaurants erreichen Sie in 5 Minuten zu Fu\u00df.<\/p>\n<\/div><\/div><\/div><div class=\"w-hwrapper us_custom_c70c97eb valign_middle stack_on_mobiles align_none\"><div class=\"w-image align_none\"><div class=\"w-image-h\"><img decoding=\"async\" width=\"1000\" height=\"650\" src=\"https:\/\/resortfondolacampagnola.it\/wp-content\/uploads\/2017\/09\/porto-di-gargnano.jpg\" class=\"attachment-full size-full\" alt=\"\" loading=\"lazy\" srcset=\"https:\/\/resortfondolacampagnola.it\/wp-content\/uploads\/2017\/09\/porto-di-gargnano.jpg 1000w, https:\/\/resortfondolacampagnola.it\/wp-content\/uploads\/2017\/09\/porto-di-gargnano-300x195.jpg 300w, https:\/\/resortfondolacampagnola.it\/wp-content\/uploads\/2017\/09\/porto-di-gargnano-768x499.jpg 768w\" sizes=\"auto, (max-width: 1000px) 100vw, 1000px\" \/><\/div><\/div><div class=\"wpb_text_column us_custom_7aaefc46\"><div class=\"wpb_wrapper\"><h2>Der Hafen<\/h2>\n<p><strong>500 Meter vom Resort entfernt<\/strong><\/p>\n<p>Anlegeplatz und Abfahrt f\u00fcr die Boote auf dem Gardasee.<\/p>\n<p><em>Erkundigen Sie sich im Hotel nach der Promotion Card, um sich einen Preisnachlass f\u00fcr Bootsfahrten zu sichern.<\/em><\/p>\n<\/div><\/div><\/div><div class=\"w-hwrapper us_custom_c70c97eb valign_middle stack_on_mobiles align_none\"><div class=\"w-image align_none\"><div class=\"w-image-h\"><img decoding=\"async\" width=\"1000\" height=\"650\" src=\"https:\/\/resortfondolacampagnola.it\/wp-content\/uploads\/2017\/09\/palazzo-feltrinelli.jpg\" class=\"attachment-full size-full\" alt=\"\" loading=\"lazy\" srcset=\"https:\/\/resortfondolacampagnola.it\/wp-content\/uploads\/2017\/09\/palazzo-feltrinelli.jpg 1000w, https:\/\/resortfondolacampagnola.it\/wp-content\/uploads\/2017\/09\/palazzo-feltrinelli-300x195.jpg 300w, https:\/\/resortfondolacampagnola.it\/wp-content\/uploads\/2017\/09\/palazzo-feltrinelli-768x499.jpg 768w\" sizes=\"auto, (max-width: 1000px) 100vw, 1000px\" \/><\/div><\/div><div class=\"wpb_text_column us_custom_7aaefc46\"><div class=\"wpb_wrapper\"><h2>Villa Feltrinelli<\/h2>\n<p><strong>650 Meter vom Resort entfernt<\/strong><\/p>\n<p>Sie wurde in den Jahren 1898-1899 erbaut und ist im Besitz der Familie Feltrinelli. W\u00e4hrend der Italienischen Sozialrepublik lebte hier Benito Mussolini in der Republik von Sal\u00f2.<\/p>\n<\/div><\/div><\/div><div class=\"w-hwrapper us_custom_c70c97eb valign_middle stack_on_mobiles align_none\"><div class=\"w-image align_none\"><div class=\"w-image-h\"><img decoding=\"async\" width=\"1000\" height=\"650\" src=\"https:\/\/resortfondolacampagnola.it\/wp-content\/uploads\/2017\/09\/palazzo-bettoni.jpg\" class=\"attachment-full size-full\" alt=\"\" loading=\"lazy\" srcset=\"https:\/\/resortfondolacampagnola.it\/wp-content\/uploads\/2017\/09\/palazzo-bettoni.jpg 1000w, https:\/\/resortfondolacampagnola.it\/wp-content\/uploads\/2017\/09\/palazzo-bettoni-300x195.jpg 300w, https:\/\/resortfondolacampagnola.it\/wp-content\/uploads\/2017\/09\/palazzo-bettoni-768x499.jpg 768w\" sizes=\"auto, (max-width: 1000px) 100vw, 1000px\" \/><\/div><\/div><div class=\"wpb_text_column us_custom_7aaefc46\"><div class=\"wpb_wrapper\"><h2>Palazzo Bettoni<\/h2>\n<p><strong>In Bogliaco, 2 km vom Resort entfernt<\/strong><\/p>\n<p>Eine wundervolle Villa am See aus dem achtzehnten Jahrhundert mit einem typischen italienischen Garten ist im Besitz der Grafen Bettoni-Cazzago.<\/p>\n<\/div><\/div><\/div><div class=\"w-hwrapper us_custom_c70c97eb valign_middle stack_on_mobiles align_none\"><div class=\"w-image align_none\"><div class=\"w-image-h\"><img decoding=\"async\" width=\"1000\" height=\"650\" src=\"https:\/\/resortfondolacampagnola.it\/wp-content\/uploads\/2017\/09\/bogliaco-golf.jpg\" class=\"attachment-full size-full\" alt=\"\" loading=\"lazy\" srcset=\"https:\/\/resortfondolacampagnola.it\/wp-content\/uploads\/2017\/09\/bogliaco-golf.jpg 1000w, https:\/\/resortfondolacampagnola.it\/wp-content\/uploads\/2017\/09\/bogliaco-golf-300x195.jpg 300w, https:\/\/resortfondolacampagnola.it\/wp-content\/uploads\/2017\/09\/bogliaco-golf-768x499.jpg 768w\" sizes=\"auto, (max-width: 1000px) 100vw, 1000px\" \/><\/div><\/div><div class=\"wpb_text_column us_custom_7aaefc46\"><div class=\"wpb_wrapper\"><h2>Golfplatz Bogliaco<\/h2>\n<p><strong>2 km vom Resort entfernt, im Ortsteil Bogliaco<\/strong><\/p>\n<p>Ein historischer Golfplatz in englischem Stil mit 18 L\u00f6chern, der schon im Jahr 1912 gegr\u00fcndet wurde.<\/p>\n<\/div><\/div><\/div><div class=\"w-hwrapper us_custom_c70c97eb valign_middle stack_on_mobiles align_none\"><div class=\"w-image align_none\"><div class=\"w-image-h\"><img decoding=\"async\" width=\"1000\" height=\"650\" src=\"https:\/\/resortfondolacampagnola.it\/wp-content\/uploads\/2017\/09\/vittoriale-degli-italiani.jpg\" class=\"attachment-full size-full\" alt=\"\" loading=\"lazy\" srcset=\"https:\/\/resortfondolacampagnola.it\/wp-content\/uploads\/2017\/09\/vittoriale-degli-italiani.jpg 1000w, https:\/\/resortfondolacampagnola.it\/wp-content\/uploads\/2017\/09\/vittoriale-degli-italiani-300x195.jpg 300w, https:\/\/resortfondolacampagnola.it\/wp-content\/uploads\/2017\/09\/vittoriale-degli-italiani-768x499.jpg 768w\" sizes=\"auto, (max-width: 1000px) 100vw, 1000px\" \/><\/div><\/div><div class=\"wpb_text_column us_custom_7aaefc46\"><div class=\"wpb_wrapper\"><h2>Vittoriale degli Italiani<\/h2>\n<p><strong>12 km vom Resort entfernt<\/strong><\/p>\n<p>Befindet sich der Vittoriale degli Italiani, ein Geb\u00e4udekomplex mit Stra\u00dfen, Pl\u00e4tzen, einem Freiluft-Theater, G\u00e4rten und Wasserl\u00e4ufen, der zwischen 1921 und 1938 in Gardone Rivera erbaut wurde.<\/p>\n<\/div><\/div><\/div><\/div><\/div><\/div><\/div><\/div><\/div><\/div><\/section><section class=\"l-section wpb_row foglie height_small\"><div class=\"l-section-h i-cf\"><div class=\"g-cols vc_row via_flex valign_middle type_boxes stacking_default\"><div class=\"vc_col-sm-12 wpb_column vc_column_container slider-largo\"><div class=\"vc_column-inner\"><div class=\"wpb_wrapper\"><div class=\"g-cols wpb_row via_flex valign_top type_default stacking_default\"><div class=\"vc_col-sm-6 wpb_column vc_column_container\"><div class=\"vc_column-inner\"><div class=\"wpb_wrapper\"><div class=\"wpb_text_column\"><div class=\"wpb_wrapper\"><h2>Entfernungen von Sehensw\u00fcrdigkeiten<\/h2>\n<ul>\n<li>Strand (250 m)<\/li>\n<li>Fahrradverleih (250 m)<\/li>\n<li>Windsurfen Schule und Verleih (250 m)<\/li>\n<li>Palazzo Feltrinelli (350 m)<\/li>\n<li>Zentrum von Gargnano (500 m)<\/li>\n<li>Romantischer Kreuzgang der Kirche von San Francesco (500 m)<\/li>\n<li>Hafen \/ Bootsanlegestelle (500 m)<\/li>\n<li>Antiker Zitronengarten (500 m)<\/li>\n<li>Palazzo Bettoni (2 km)<\/li>\n<li>Golfplatz (2 km)<\/li>\n<li>Tennisplatz (2 km)<\/li>\n<li>Segelverein Bogliaco (2 km)<\/li>\n<li>Reitm\u00f6glichkeit (3 km)<\/li>\n<li>Vittoriale degli Italiani (12 km)<\/li>\n<\/ul>\n<\/div><\/div><\/div><\/div><\/div><div class=\"vc_col-sm-6 wpb_column vc_column_container\"><div class=\"vc_column-inner\"><div class=\"wpb_wrapper\"><div class=\"w-map provider_google us_custom_b3be410f\" id=\"us_map_1\"><div class=\"w-map-inner\"><div class=\"w-map-json\" onclick='return {&quot;address&quot;:&quot;45.69131019675083, 10.665118450182797&quot;,&quot;disableDragging&quot;:1,&quot;disableZoom&quot;:1,&quot;hideControls&quot;:0,&quot;zoom&quot;:19,&quot;markers&quot;:[{&quot;address&quot;:&quot;45.69131019675083, 10.665118450182797&quot;,&quot;html&quot;:&quot;&lt;h3&gt;Resort Fondo la Campagnola&lt;\\\/h3&gt;&lt;p&gt;Via Crocefisso, 1, 25084 Gargnano BS&lt;\\\/p&gt;&quot;,&quot;infowindow&quot;:&quot;1&quot;}],&quot;maptype&quot;:&quot;ROADMAP&quot;}'><\/div><div class=\"w-map-style-json\" onclick='return [\n    {\n        \"featureType\": \"administrative\",\n        \"elementType\": \"all\",\n        \"stylers\": [\n            {\n                \"visibility\": \"on\"\n            },\n            {\n                \"lightness\": 33\n            }\n        ]\n    },\n    {\n        \"featureType\": \"landscape\",\n        \"elementType\": \"all\",\n        \"stylers\": [\n            {\n                \"color\": \"#f2e5d4\"\n            }\n        ]\n    },\n    {\n        \"featureType\": \"poi.park\",\n        \"elementType\": \"geometry\",\n        \"stylers\": [\n            {\n                \"color\": \"#c5dac6\"\n            }\n        ]\n    },\n    {\n        \"featureType\": \"poi.park\",\n        \"elementType\": \"labels\",\n        \"stylers\": [\n            {\n                \"visibility\": \"on\"\n            },\n            {\n                \"lightness\": 20\n            }\n        ]\n    },\n    {\n        \"featureType\": \"road\",\n        \"elementType\": \"all\",\n        \"stylers\": [\n            {\n                \"lightness\": 20\n            }\n        ]\n    },\n    {\n        \"featureType\": \"road.highway\",\n        \"elementType\": \"geometry\",\n        \"stylers\": [\n            {\n                \"color\": \"#c5c6c6\"\n            }\n        ]\n    },\n    {\n        \"featureType\": \"road.arterial\",\n        \"elementType\": \"geometry\",\n        \"stylers\": [\n            {\n                \"color\": \"#e4d7c6\"\n            }\n        ]\n    },\n    {\n        \"featureType\": \"road.local\",\n        \"elementType\": \"geometry\",\n        \"stylers\": [\n            {\n                \"color\": \"#fbfaf7\"\n            }\n        ]\n    },\n    {\n        \"featureType\": \"water\",\n        \"elementType\": \"all\",\n        \"stylers\": [\n            {\n                \"visibility\": \"on\"\n            },\n            {\n                \"color\": \"#acbcc9\"\n            }\n        ]\n    }\n]'><\/div><\/div><\/div><\/div><\/div><\/div><\/div><\/div><\/div><\/div><\/div><\/div><\/section><section class=\"l-section wpb_row us_custom_276f98fe height_auto\"><div class=\"l-section-h i-cf\"><div class=\"g-cols vc_row via_flex valign_middle type_boxes stacking_default\"><div class=\"vc_col-sm-12 wpb_column vc_column_container slider-largo\"><div class=\"vc_column-inner\"><div class=\"wpb_wrapper\"><div class=\"g-cols wpb_row us_custom_e5387f9f via_flex valign_top type_default stacking_default\"><div class=\"vc_col-sm-3 wpb_column vc_column_container\"><div class=\"vc_column-inner\"><div class=\"wpb_wrapper\"><div class=\"w-image i200 align_center\"><div class=\"w-image-h\"><img decoding=\"async\" width=\"300\" height=\"300\" src=\"https:\/\/resortfondolacampagnola.it\/wp-content\/uploads\/2017\/09\/logo-garda.svg\" class=\"attachment-medium size-medium\" alt=\"\" loading=\"lazy\" \/><\/div><\/div><\/div><\/div><\/div><div class=\"vc_col-sm-9 wpb_column vc_column_container\"><div class=\"vc_column-inner\"><div class=\"wpb_wrapper\"><div class=\"wpb_text_column giustifica\"><div class=\"wpb_wrapper\"><h2>Garda Promotion Card<\/h2>\n<p>Die Garda Promotions Card ist kostenlos und gilt f\u00fcr 3 Tage, <strong>sie wird an der Rezeption des Hotel Villa Europa ausgegeben<\/strong>. Mit der Promotion Card erhalten Sie Preisnachl\u00e4sse f\u00fcr eine Reihe von Dienstleistungen und Rabatte auf Eintrittskarten f\u00fcr viele Touristenattraktionen am Gardasee.<\/p>\n<\/div><\/div><\/div><\/div><\/div><\/div><\/div><\/div><\/div><\/div><\/div><\/section><section class=\"l-section wpb_row prefooter height_medium\"><div class=\"l-section-h i-cf\"><div class=\"g-cols vc_row via_flex valign_top type_boxes stacking_default\" style=\"--additional-gap:10px;\"><div class=\"vc_col-sm-12 wpb_column vc_column_container\"><div class=\"vc_column-inner\"><div class=\"wpb_wrapper\"><div class=\"w-separator hide_on_default hide_on_laptops hide_on_tablets size_medium\"><\/div><div class=\"w-content-carousel items_4\"><div class=\"owl-carousel valign_bottom dotstyle_smudge navstyle_circle arrows-ver-pos_middle arrows-hor-pos_on_sides_outside arrows-disabled_hide owl-responsive-2000 with_dots\" style=\"--items-gap:30px;--transition-duration:850ms;\" onclick=\"return {&quot;aria_labels&quot;:{&quot;prev&quot;:&quot;Zur\\u00fcck&quot;,&quot;next&quot;:&quot;Weiter&quot;},&quot;autoplayContinual&quot;:false,&quot;autoplayHoverPause&quot;:false,&quot;autoplayTimeout&quot;:3000,&quot;autoWidth&quot;:false,&quot;smartSpeed&quot;:850,&quot;margin&quot;:30,&quot;mouseDrag&quot;:true,&quot;rtl&quot;:false,&quot;slideBy&quot;:&quot;1&quot;,&quot;touchDrag&quot;:true,&quot;slideTransition&quot;:&quot;&quot;,&quot;responsive&quot;:{&quot;0&quot;:{&quot;autoHeight&quot;:false,&quot;autoplay&quot;:false,&quot;autoWidth&quot;:false,&quot;center&quot;:false,&quot;dots&quot;:true,&quot;items&quot;:1,&quot;loop&quot;:false,&quot;nav&quot;:false,&quot;stagePadding&quot;:0,&quot;slideBy&quot;:&quot;1&quot;},&quot;601&quot;:{&quot;autoHeight&quot;:false,&quot;autoplay&quot;:false,&quot;autoWidth&quot;:false,&quot;center&quot;:false,&quot;dots&quot;:true,&quot;items&quot;:4,&quot;loop&quot;:false,&quot;nav&quot;:false,&quot;stagePadding&quot;:0}}}\"><div class=\"w-ibanner animation_phorcys ratio_1x1 easing_ease\"><a href=\"https:\/\/resortfondolacampagnola.it\/de\/das-schwimmbad-mit-seeblick\/\" aria-label=\"SCHWIMMBAD\"><\/a><div class=\"w-ibanner-h\"><div class=\"w-ibanner-image\" style=\"background-image: url(https:\/\/resortfondolacampagnola.it\/wp-content\/uploads\/2024\/01\/1N3A1501-1024x683.jpg)\"><\/div><div class=\"w-ibanner-content\"><div class=\"w-ibanner-content-h\"><h2 class=\"w-ibanner-title\">SCHWIMMBAD<\/h2><div class=\"w-ibanner-desc\"><\/div><\/div><\/div><\/div><\/div><div class=\"w-ibanner animation_phorcys ratio_1x1 easing_ease\"><a href=\"https:\/\/resortfondolacampagnola.it\/de\/unterkunfte\/\" aria-label=\"RESIDENZEN\"><\/a><div class=\"w-ibanner-h\"><div class=\"w-ibanner-image\" style=\"background-image: url(https:\/\/resortfondolacampagnola.it\/wp-content\/uploads\/2024\/03\/piccola2-1024x507.jpg)\"><\/div><div class=\"w-ibanner-content\"><div class=\"w-ibanner-content-h\"><h2 class=\"w-ibanner-title\">RESIDENZEN<\/h2><div class=\"w-ibanner-desc\"><\/div><\/div><\/div><\/div><\/div><div class=\"w-ibanner animation_phorcys ratio_1x1 easing_ease\"><a href=\"https:\/\/resortfondolacampagnola.it\/de\/la-colazione\/\" aria-label=\"FR\u00dcHST\u00dcCK\"><\/a><div class=\"w-ibanner-h\"><div class=\"w-ibanner-image\" style=\"background-image: url(https:\/\/resortfondolacampagnola.it\/wp-content\/uploads\/2024\/03\/hve-5809-1-1024x818.jpg)\"><\/div><div class=\"w-ibanner-content\"><div class=\"w-ibanner-content-h\"><h2 class=\"w-ibanner-title\">FR\u00dcHST\u00dcCK<\/h2><div class=\"w-ibanner-desc\"><\/div><\/div><\/div><\/div><\/div><div class=\"w-ibanner animation_phorcys ratio_1x1 easing_ease\"><a href=\"https:\/\/resortfondolacampagnola.it\/de\/escursioni\/\" aria-label=\"AUSFL\u00dcGE\"><\/a><div class=\"w-ibanner-h\"><div class=\"w-ibanner-image\" style=\"background-image: url(https:\/\/resortfondolacampagnola.it\/wp-content\/uploads\/2024\/03\/foto-escursione-1024x771.jpg)\"><\/div><div class=\"w-ibanner-content\"><div class=\"w-ibanner-content-h\"><h2 class=\"w-ibanner-title\">AUSFL\u00dcGE<\/h2><div class=\"w-ibanner-desc\"><\/div><\/div><\/div><\/div><\/div><\/div><\/div><\/div><\/div><\/div><\/div><\/div><\/section><section class=\"l-section wpb_row hide_on_mobiles height_auto\"><div class=\"l-section-h i-cf\"><div class=\"g-cols vc_row via_flex valign_top type_boxes stacking_default\" style=\"--additional-gap:10px;\"><div class=\"vc_col-sm-12 wpb_column vc_column_container\"><div class=\"vc_column-inner\"><div class=\"wpb_wrapper\"><div class=\"w-hwrapper valign_middle align_center\"><div class=\"w-image us_custom_10625000 align_right\"><a href=\"https:\/\/resortfondolacampagnola.it\/de\/geschenkgutscheine\/?_gl=1*zx79on*_up*MQ..*_ga*MTA1OTgwOTQ3Mi4xNzYxMjExMzk4*_ga_55YYWHCMPM*czE3NjEyMTEzOTckbzEkZzAkdDE3NjEyMTEzOTckajYwJGwwJGgw\" aria-label=\"Group-12\" class=\"w-image-h\"><img decoding=\"async\" width=\"380\" height=\"380\" src=\"https:\/\/resortfondolacampagnola.it\/wp-content\/uploads\/2025\/05\/Group-12.png\" class=\"attachment-large size-large\" alt=\"\" loading=\"lazy\" srcset=\"https:\/\/resortfondolacampagnola.it\/wp-content\/uploads\/2025\/05\/Group-12.png 380w, https:\/\/resortfondolacampagnola.it\/wp-content\/uploads\/2025\/05\/Group-12-300x300.png 300w, https:\/\/resortfondolacampagnola.it\/wp-content\/uploads\/2025\/05\/Group-12-150x150.png 150w, https:\/\/resortfondolacampagnola.it\/wp-content\/uploads\/2025\/05\/Group-12-350x350.png 350w\" sizes=\"auto, (max-width: 380px) 100vw, 380px\" \/><\/a><\/div><h2 class=\"w-text us_custom_47680785\"><span class=\"w-text-h\"><span class=\"w-text-value\">FORDERN SIE IHREN GESCHENKGUTSCHEIN AN<\/span><\/span><\/h2><\/div><\/div><\/div><\/div><\/div><\/div><\/section><section class=\"l-section wpb_row hide_on_default hide_on_laptops hide_on_tablets height_auto\"><div class=\"l-section-h i-cf\"><div class=\"g-cols vc_row via_flex valign_top type_boxes stacking_default\" style=\"--additional-gap:10px;\"><div class=\"vc_col-sm-12 wpb_column vc_column_container\"><div class=\"vc_column-inner\"><div class=\"wpb_wrapper\"><div class=\"w-separator size_small\"><\/div><div class=\"w-image align_center\"><a href=\"https:\/\/resortfondolacampagnola.it\/de\/geschenkgutscheine\/?_gl=1*zx79on*_up*MQ..*_ga*MTA1OTgwOTQ3Mi4xNzYxMjExMzk4*_ga_55YYWHCMPM*czE3NjEyMTEzOTckbzEkZzAkdDE3NjEyMTEzOTckajYwJGwwJGgw\" aria-label=\"Group-12piccolo\" class=\"w-image-h\"><img decoding=\"async\" width=\"150\" height=\"150\" src=\"https:\/\/resortfondolacampagnola.it\/wp-content\/uploads\/2026\/01\/Group-12piccolo.png\" class=\"attachment-large size-large\" alt=\"\" loading=\"lazy\" \/><\/a><\/div><div class=\"w-separator size_small\"><\/div><div class=\"w-btn-wrapper align_center\"><a class=\"w-btn us-btn-style_1\" href=\"https:\/\/resortfondolacampagnola.it\/de\/geschenkgutscheine\/?_gl=1*zx79on*_up*MQ..*_ga*MTA1OTgwOTQ3Mi4xNzYxMjExMzk4*_ga_55YYWHCMPM*czE3NjEyMTEzOTckbzEkZzAkdDE3NjEyMTEzOTckajYwJGwwJGgw\"><span class=\"w-btn-label\">FORDERN SIE IHREN GESCHENKGUTSCHEIN AN<\/span><\/a><\/div><div class=\"w-separator size_huge\"><\/div><\/div><\/div><\/div><\/div><\/div><\/section>\n","protected":false},"excerpt":{"rendered":"Lage Ganz in der N\u00e4he des malerischen Stadtzentrums von Gargnano und 250 Meter vom Strand entfernt Der Strand Fontanella 250 Meter vom Resort entfernt Wenige Schritte vom Resort befindet sich der \u00f6ffentliche Strand Parco Fontanella mit einem Beach-Volleyplatz, Bar, und Restaurant-Pizzeria. Der Strand Castello 450 Meter vom Resort entfernt Wenige Schritte vom Resort befindet sich...","protected":false},"author":1,"featured_media":0,"parent":0,"menu_order":0,"comment_status":"closed","ping_status":"closed","template":"","meta":{"inline_featured_image":false,"footnotes":""},"class_list":["post-1837","page","type-page","status-publish","hentry"],"_links":{"self":[{"href":"https:\/\/resortfondolacampagnola.it\/de\/wp-json\/wp\/v2\/pages\/1837","targetHints":{"allow":["GET"]}}],"collection":[{"href":"https:\/\/resortfondolacampagnola.it\/de\/wp-json\/wp\/v2\/pages"}],"about":[{"href":"https:\/\/resortfondolacampagnola.it\/de\/wp-json\/wp\/v2\/types\/page"}],"author":[{"embeddable":true,"href":"https:\/\/resortfondolacampagnola.it\/de\/wp-json\/wp\/v2\/users\/1"}],"replies":[{"embeddable":true,"href":"https:\/\/resortfondolacampagnola.it\/de\/wp-json\/wp\/v2\/comments?post=1837"}],"version-history":[{"count":28,"href":"https:\/\/resortfondolacampagnola.it\/de\/wp-json\/wp\/v2\/pages\/1837\/revisions"}],"predecessor-version":[{"id":8720,"href":"https:\/\/resortfondolacampagnola.it\/de\/wp-json\/wp\/v2\/pages\/1837\/revisions\/8720"}],"wp:attachment":[{"href":"https:\/\/resortfondolacampagnola.it\/de\/wp-json\/wp\/v2\/media?parent=1837"}],"curies":[{"name":"wp","href":"https:\/\/api.w.org\/{rel}","templated":true}]}}