{"id":1783,"date":"2017-10-26T15:25:46","date_gmt":"2017-10-26T13:25:46","guid":{"rendered":"https:\/\/resortfondolacampagnola.it\/angebote\/"},"modified":"2026-02-23T11:32:42","modified_gmt":"2026-02-23T10:32:42","slug":"angebote","status":"publish","type":"page","link":"https:\/\/resortfondolacampagnola.it\/de\/angebote\/","title":{"rendered":"Angebote"},"content":{"rendered":"<section class=\"l-section wpb_row us_custom_245dd7be hide_on_mobiles height_medium\"><div class=\"l-section-h i-cf\"><div class=\"g-cols vc_row via_flex valign_top type_default stacking_default\"><div class=\"vc_col-sm-12 wpb_column vc_column_container\"><div class=\"vc_column-inner\"><div class=\"wpb_wrapper\"><section class=\"l-section wpb_row us_custom_b37df63d height_auto width_full\"><div class=\"l-section-h i-cf\"><div class=\"g-cols vc_row via_flex valign_top type_default stacking_default\"><div class=\"vc_col-sm-12 wpb_column vc_column_container\"><div class=\"vc_column-inner\"><div class=\"wpb_wrapper\"><h1 class=\"w-text us_custom_eb849559\"><span class=\"w-text-h\"><span class=\"w-text-value\">Direktbuchung Angebote<\/span><\/span><\/h1><div class=\"w-image i400 align_center\"><div class=\"w-image-h\"><img decoding=\"async\" src=\"https:\/\/resortfondolacampagnola.it\/wp-content\/uploads\/2025\/01\/divisore-verde-1.svg\" class=\"attachment-full size-full\" alt=\"\" loading=\"lazy\" \/><\/div><\/div><div class=\"w-separator size_small\"><\/div><div class=\"w-separator hide_on_default hide_on_laptops hide_on_tablets hide_on_mobiles size_small with_line width_default thick_1 style_solid color_border align_center with_content\"><div class=\"w-separator-h\"><i class=\"far fa-chevron-down\"><\/i><\/div><\/div><div class=\"w-hwrapper valign_middle stack_on_mobiles align_none\"><div class=\"w-vwrapper us_custom_a7282553 align_center valign_top\"><div class=\"w-image us_custom_cd44ce25 align_none\"><div class=\"w-image-h\"><img decoding=\"async\" width=\"500\" height=\"500\" src=\"https:\/\/resortfondolacampagnola.it\/wp-content\/uploads\/2025\/01\/icona_limone_medio.png\" class=\"attachment-large size-large\" alt=\"\" loading=\"lazy\" \/><\/div><\/div><div class=\"wpb_text_column us_custom_e90e4422\"><div class=\"wpb_wrapper\"><p>Unn\u00f6tig woanders zu suchen\u2026<br \/>\nHier finden Sie den garantiert besten Tarif!<\/p>\n<\/div><\/div><div class=\"w-separator size_small\"><\/div><div class=\"wpb_text_column us_custom_b4198c51\"><div class=\"wpb_wrapper\"><p>Wenn Sie nach der Buchung auf unserer Webseite ein g\u00fcnstigeres Angebot finden, erstatten wir Ihnen die Differenz zur\u00fcck.<\/p>\n<\/div><\/div><\/div><div class=\"w-vwrapper us_custom_2faa9a1a align_none valign_top\"><div class=\"w-text us_custom_3f6a1a2d\"><span class=\"w-text-h\"><span class=\"w-text-value\">Bonus bei Buchung auf der offiziellen Seite<\/span><\/span><\/div><div class=\"w-separator size_small\"><\/div><div class=\"wpb_text_column us_custom_50b84378\"><div class=\"wpb_wrapper\"><ul>\n<li>Exklusive Sonderangebote und Verg\u00fcnstigungen<\/li>\n<li>Kostenlose Parkpl\u00e4tze<\/li>\n<li>Kostenloses WiFi<\/li>\n<li>Freier Pool<\/li>\n<li>Pool-Handt\u00fccher<\/li>\n<li>Geschirrset<\/li>\n<\/ul>\n<\/div><\/div><\/div><\/div><\/div><\/div><\/div><\/div><\/div><\/section>\n<\/div><\/div><\/div><\/div><\/div><\/section><section class=\"l-section wpb_row us_custom_b2e4e398 hide_on_default hide_on_laptops hide_on_tablets height_medium\"><div class=\"l-section-h i-cf\"><div class=\"g-cols vc_row via_flex valign_top type_default stacking_default\"><div class=\"vc_col-sm-12 wpb_column vc_column_container\"><div class=\"vc_column-inner\"><div class=\"wpb_wrapper\"><section class=\"l-section wpb_row us_custom_b37df63d height_auto width_full\"><div class=\"l-section-h i-cf\"><div class=\"g-cols vc_row via_flex valign_top type_default stacking_default\"><div class=\"vc_col-sm-12 wpb_column vc_column_container\"><div class=\"vc_column-inner\"><div class=\"wpb_wrapper\"><h1 class=\"w-text us_custom_eb849559\"><span class=\"w-text-h\"><span class=\"w-text-value\">Direktbuchung Angebote<\/span><\/span><\/h1><div class=\"w-image i400 align_center\"><div class=\"w-image-h\"><img decoding=\"async\" src=\"https:\/\/resortfondolacampagnola.it\/wp-content\/uploads\/2025\/01\/divisore-verde-1.svg\" class=\"attachment-full size-full\" alt=\"\" loading=\"lazy\" \/><\/div><\/div><div class=\"w-separator size_small\"><\/div><div class=\"w-separator hide_on_default hide_on_laptops hide_on_tablets hide_on_mobiles size_small with_line width_default thick_1 style_solid color_border align_center with_content\"><div class=\"w-separator-h\"><i class=\"far fa-chevron-down\"><\/i><\/div><\/div><div class=\"w-hwrapper valign_middle stack_on_mobiles align_none\"><div class=\"w-vwrapper us_custom_a7282553 align_center valign_top\"><div class=\"wpb_text_column us_custom_e90e4422\"><div class=\"wpb_wrapper\"><p>Unn\u00f6tig woanders zu suchen\u2026<br \/>\nHier finden Sie den garantiert besten Tarif!<\/p>\n<\/div><\/div><div class=\"w-separator size_small\"><\/div><div class=\"wpb_text_column us_custom_b4198c51\"><div class=\"wpb_wrapper\"><p>Wenn Sie nach der Buchung auf unserer Webseite ein g\u00fcnstigeres Angebot finden, erstatten wir Ihnen die Differenz zur\u00fcck.<\/p>\n<\/div><\/div><\/div><div class=\"w-vwrapper us_custom_2faa9a1a align_none valign_top\"><div class=\"w-text us_custom_263b540a\"><span class=\"w-text-h\"><span class=\"w-text-value\">Bonus bei Buchung auf der offiziellen Seite<\/span><\/span><\/div><div class=\"w-separator size_small\"><\/div><div class=\"wpb_text_column us_custom_50b84378\"><div class=\"wpb_wrapper\"><ul>\n<li>Exklusive Sonderangebote und Verg\u00fcnstigungen<\/li>\n<li>Kostenlose Parkpl\u00e4tze<\/li>\n<li>Kostenloses WiFi<\/li>\n<li>Freier Pool<\/li>\n<li>Pool-Handt\u00fccher<\/li>\n<li>Geschirrset<\/li>\n<\/ul>\n<\/div><\/div><\/div><\/div><\/div><\/div><\/div><\/div><\/div><\/section>\n<\/div><\/div><\/div><\/div><\/div><\/section><section class=\"l-section wpb_row prefooter height_medium\"><div class=\"l-section-h i-cf\"><div class=\"g-cols vc_row via_flex valign_top type_boxes stacking_default\" style=\"--additional-gap:10px;\"><div class=\"vc_col-sm-12 wpb_column vc_column_container\"><div class=\"vc_column-inner\"><div class=\"wpb_wrapper\"><div class=\"w-content-carousel items_4\"><div class=\"owl-carousel valign_bottom dotstyle_smudge navstyle_circle arrows-ver-pos_middle arrows-hor-pos_on_sides_outside arrows-disabled_hide owl-responsive-2000 with_dots\" style=\"--items-gap:30px;--transition-duration:850ms;\" onclick=\"return {&quot;aria_labels&quot;:{&quot;prev&quot;:&quot;Zur\\u00fcck&quot;,&quot;next&quot;:&quot;Weiter&quot;},&quot;autoplayContinual&quot;:false,&quot;autoplayHoverPause&quot;:false,&quot;autoplayTimeout&quot;:3000,&quot;autoWidth&quot;:false,&quot;smartSpeed&quot;:850,&quot;margin&quot;:30,&quot;mouseDrag&quot;:true,&quot;rtl&quot;:false,&quot;slideBy&quot;:&quot;1&quot;,&quot;touchDrag&quot;:true,&quot;slideTransition&quot;:&quot;&quot;,&quot;responsive&quot;:{&quot;0&quot;:{&quot;autoHeight&quot;:false,&quot;autoplay&quot;:false,&quot;autoWidth&quot;:false,&quot;center&quot;:false,&quot;dots&quot;:true,&quot;items&quot;:1,&quot;loop&quot;:false,&quot;nav&quot;:false,&quot;stagePadding&quot;:0,&quot;slideBy&quot;:&quot;1&quot;},&quot;601&quot;:{&quot;autoHeight&quot;:false,&quot;autoplay&quot;:false,&quot;autoWidth&quot;:false,&quot;center&quot;:false,&quot;dots&quot;:true,&quot;items&quot;:4,&quot;loop&quot;:false,&quot;nav&quot;:false,&quot;stagePadding&quot;:0}}}\"><div class=\"w-ibanner animation_phorcys ratio_1x1 easing_ease\"><a href=\"https:\/\/resortfondolacampagnola.it\/de\/wellness\/\" aria-label=\"WELLNESS\"><\/a><div class=\"w-ibanner-h\"><div class=\"w-ibanner-image\" style=\"background-image: url(https:\/\/resortfondolacampagnola.it\/wp-content\/uploads\/2024\/03\/terrazzo-1024x869.jpg)\"><\/div><div class=\"w-ibanner-content\"><div class=\"w-ibanner-content-h\"><h2 class=\"w-ibanner-title\">WELLNESS<\/h2><div class=\"w-ibanner-desc\"><\/div><\/div><\/div><\/div><\/div><div class=\"w-ibanner animation_phorcys ratio_1x1 easing_ease\"><a href=\"https:\/\/resortfondolacampagnola.it\/de\/unterkunfte\/\" aria-label=\"RESIDENZEN\"><\/a><div class=\"w-ibanner-h\"><div class=\"w-ibanner-image\" style=\"background-image: url(https:\/\/resortfondolacampagnola.it\/wp-content\/uploads\/2024\/03\/piccola2-1024x507.jpg)\"><\/div><div class=\"w-ibanner-content\"><div class=\"w-ibanner-content-h\"><h2 class=\"w-ibanner-title\">RESIDENZEN<\/h2><div class=\"w-ibanner-desc\"><\/div><\/div><\/div><\/div><\/div><div class=\"w-ibanner animation_phorcys ratio_1x1 easing_ease\"><a href=\"https:\/\/resortfondolacampagnola.it\/de\/das-schwimmbad-mit-seeblick\/\" aria-label=\"SCHWIMMBAD\"><\/a><div class=\"w-ibanner-h\"><div class=\"w-ibanner-image\" style=\"background-image: url(https:\/\/resortfondolacampagnola.it\/wp-content\/uploads\/2024\/01\/1N3A1501-1024x683.jpg)\"><\/div><div class=\"w-ibanner-content\"><div class=\"w-ibanner-content-h\"><h2 class=\"w-ibanner-title\">SCHWIMMBAD<\/h2><div class=\"w-ibanner-desc\"><\/div><\/div><\/div><\/div><\/div><div class=\"w-ibanner animation_phorcys ratio_1x1 easing_ease\"><a href=\"https:\/\/resortfondolacampagnola.it\/de\/la-colazione\/\" aria-label=\"FR\u00dcHST\u00dcCK\"><\/a><div class=\"w-ibanner-h\"><div class=\"w-ibanner-image\" style=\"background-image: url(https:\/\/resortfondolacampagnola.it\/wp-content\/uploads\/2024\/03\/hve-5809-1-1024x818.jpg)\"><\/div><div class=\"w-ibanner-content\"><div class=\"w-ibanner-content-h\"><h2 class=\"w-ibanner-title\">FR\u00dcHST\u00dcCK<\/h2><div class=\"w-ibanner-desc\"><\/div><\/div><\/div><\/div><\/div><\/div><\/div><\/div><\/div><\/div><\/div><\/div><\/section><section class=\"l-section wpb_row hide_on_mobiles height_auto\"><div class=\"l-section-h i-cf\"><div class=\"g-cols vc_row via_flex valign_top type_boxes stacking_default\" style=\"--additional-gap:10px;\"><div class=\"vc_col-sm-12 wpb_column vc_column_container\"><div class=\"vc_column-inner\"><div class=\"wpb_wrapper\"><div class=\"w-hwrapper valign_middle align_center\"><div class=\"w-image us_custom_10625000 align_right\"><a href=\"https:\/\/resortfondolacampagnola.it\/de\/geschenkgutscheine\/?_gl=1*zx79on*_up*MQ..*_ga*MTA1OTgwOTQ3Mi4xNzYxMjExMzk4*_ga_55YYWHCMPM*czE3NjEyMTEzOTckbzEkZzAkdDE3NjEyMTEzOTckajYwJGwwJGgw\" aria-label=\"Group-12\" class=\"w-image-h\"><img decoding=\"async\" width=\"380\" height=\"380\" src=\"https:\/\/resortfondolacampagnola.it\/wp-content\/uploads\/2025\/05\/Group-12.png\" class=\"attachment-large size-large\" alt=\"\" loading=\"lazy\" srcset=\"https:\/\/resortfondolacampagnola.it\/wp-content\/uploads\/2025\/05\/Group-12.png 380w, https:\/\/resortfondolacampagnola.it\/wp-content\/uploads\/2025\/05\/Group-12-300x300.png 300w, https:\/\/resortfondolacampagnola.it\/wp-content\/uploads\/2025\/05\/Group-12-150x150.png 150w, https:\/\/resortfondolacampagnola.it\/wp-content\/uploads\/2025\/05\/Group-12-350x350.png 350w\" sizes=\"auto, (max-width: 380px) 100vw, 380px\" \/><\/a><\/div><h2 class=\"w-text us_custom_47680785\"><span class=\"w-text-h\"><span class=\"w-text-value\">FORDERN SIE IHREN GESCHENKGUTSCHEIN AN<\/span><\/span><\/h2><\/div><\/div><\/div><\/div><\/div><\/div><\/section><section class=\"l-section wpb_row hide_on_default hide_on_laptops hide_on_tablets height_auto\"><div class=\"l-section-h i-cf\"><div class=\"g-cols vc_row via_flex valign_top type_boxes stacking_default\" style=\"--additional-gap:10px;\"><div class=\"vc_col-sm-12 wpb_column vc_column_container\"><div class=\"vc_column-inner\"><div class=\"wpb_wrapper\"><div class=\"w-separator size_small\"><\/div><div class=\"w-image align_center\"><a href=\"https:\/\/resortfondolacampagnola.it\/de\/geschenkgutscheine\/?_gl=1*zx79on*_up*MQ..*_ga*MTA1OTgwOTQ3Mi4xNzYxMjExMzk4*_ga_55YYWHCMPM*czE3NjEyMTEzOTckbzEkZzAkdDE3NjEyMTEzOTckajYwJGwwJGgw\" aria-label=\"Group-12piccolo\" class=\"w-image-h\"><img decoding=\"async\" width=\"150\" height=\"150\" src=\"https:\/\/resortfondolacampagnola.it\/wp-content\/uploads\/2026\/01\/Group-12piccolo.png\" class=\"attachment-large size-large\" alt=\"\" loading=\"lazy\" \/><\/a><\/div><div class=\"w-separator size_small\"><\/div><div class=\"w-btn-wrapper align_center\"><a class=\"w-btn us-btn-style_1\" href=\"https:\/\/resortfondolacampagnola.it\/de\/geschenkgutscheine\/?_gl=1*zx79on*_up*MQ..*_ga*MTA1OTgwOTQ3Mi4xNzYxMjExMzk4*_ga_55YYWHCMPM*czE3NjEyMTEzOTckbzEkZzAkdDE3NjEyMTEzOTckajYwJGwwJGgw\"><span class=\"w-btn-label\">FORDERN SIE IHREN GESCHENKGUTSCHEIN AN<\/span><\/a><\/div><div class=\"w-separator size_huge\"><\/div><\/div><\/div><\/div><\/div><\/div><\/section>\n","protected":false},"excerpt":{"rendered":"Direktbuchung AngeboteUnn\u00f6tig woanders zu suchen\u2026 Hier finden Sie den garantiert besten Tarif! Wenn Sie nach der Buchung auf unserer Webseite ein g\u00fcnstigeres Angebot finden, erstatten wir Ihnen die Differenz zur\u00fcck. Bonus bei Buchung auf der offiziellen Seite Exklusive Sonderangebote und Verg\u00fcnstigungen Kostenlose Parkpl\u00e4tze Kostenloses WiFi Freier Pool Pool-Handt\u00fccher Geschirrset Direktbuchung AngeboteUnn\u00f6tig woanders zu suchen\u2026 Hier...","protected":false},"author":1,"featured_media":0,"parent":0,"menu_order":0,"comment_status":"closed","ping_status":"closed","template":"","meta":{"inline_featured_image":false,"footnotes":""},"class_list":["post-1783","page","type-page","status-publish","hentry"],"_links":{"self":[{"href":"https:\/\/resortfondolacampagnola.it\/de\/wp-json\/wp\/v2\/pages\/1783","targetHints":{"allow":["GET"]}}],"collection":[{"href":"https:\/\/resortfondolacampagnola.it\/de\/wp-json\/wp\/v2\/pages"}],"about":[{"href":"https:\/\/resortfondolacampagnola.it\/de\/wp-json\/wp\/v2\/types\/page"}],"author":[{"embeddable":true,"href":"https:\/\/resortfondolacampagnola.it\/de\/wp-json\/wp\/v2\/users\/1"}],"replies":[{"embeddable":true,"href":"https:\/\/resortfondolacampagnola.it\/de\/wp-json\/wp\/v2\/comments?post=1783"}],"version-history":[{"count":34,"href":"https:\/\/resortfondolacampagnola.it\/de\/wp-json\/wp\/v2\/pages\/1783\/revisions"}],"predecessor-version":[{"id":8670,"href":"https:\/\/resortfondolacampagnola.it\/de\/wp-json\/wp\/v2\/pages\/1783\/revisions\/8670"}],"wp:attachment":[{"href":"https:\/\/resortfondolacampagnola.it\/de\/wp-json\/wp\/v2\/media?parent=1783"}],"curies":[{"name":"wp","href":"https:\/\/api.w.org\/{rel}","templated":true}]}}